{"id":6135,"date":"2025-10-05T10:03:00","date_gmt":"2025-10-05T10:03:00","guid":{"rendered":"https:\/\/welcome-prints.com\/produit\/grasse-matinee\/"},"modified":"2026-04-09T18:37:44","modified_gmt":"2026-04-09T18:37:44","slug":"grasse-matinee","status":"publish","type":"product","link":"https:\/\/welcome-prints.com\/en\/produit\/grasse-matinee\/","title":{"rendered":"Grasse matin\u00e9e"},"content":{"rendered":"<p>Oeuvre enti\u00e8rement r\u00e9alis\u00e9e au burin.<br \/>\nImpression : Atelier Moret, Paris<br \/>\n6 tirages disponibles sans papier chine coll\u00e9 et 2 tirages avec chine coll\u00e9.<br \/>\nLe papier chine est un papier tr\u00e8s fin, coll\u00e9 en fond de gravure au moment de l&#8217;impression.<\/p>\n","protected":false},"excerpt":{"rendered":"<p>Oeuvre enti\u00e8rement r\u00e9alis\u00e9e au burin. Impression : Atelier Moret, Paris 6 tirages disponibles sans papier chine coll\u00e9 et 2 tirages avec chine coll\u00e9. Le papier chine est un papier tr\u00e8s fin, coll\u00e9 en fond de gravure au moment de l&#8217;impression.<\/p>\n","protected":false},"featured_media":6129,"template":"","meta":{"_acf_changed":false},"product_brand":[],"product_cat":[224,220,196,215,200],"product_tag":[],"class_list":{"0":"post-6135","1":"product","2":"type-product","3":"status-publish","4":"has-post-thumbnail","6":"product_cat-224","7":"product_cat-burin","8":"product_cat-france","9":"product_cat-moyen","10":"product_cat-portrait","12":"first","13":"instock","14":"shipping-taxable","15":"purchasable","16":"product-type-simple"},"acf":[],"_links":{"self":[{"href":"https:\/\/welcome-prints.com\/en\/wp-json\/wp\/v2\/product\/6135","targetHints":{"allow":["GET"]}}],"collection":[{"href":"https:\/\/welcome-prints.com\/en\/wp-json\/wp\/v2\/product"}],"about":[{"href":"https:\/\/welcome-prints.com\/en\/wp-json\/wp\/v2\/types\/product"}],"wp:featuredmedia":[{"embeddable":true,"href":"https:\/\/welcome-prints.com\/en\/wp-json\/wp\/v2\/media\/6129"}],"wp:attachment":[{"href":"https:\/\/welcome-prints.com\/en\/wp-json\/wp\/v2\/media?parent=6135"}],"wp:term":[{"taxonomy":"product_brand","embeddable":true,"href":"https:\/\/welcome-prints.com\/en\/wp-json\/wp\/v2\/product_brand?post=6135"},{"taxonomy":"product_cat","embeddable":true,"href":"https:\/\/welcome-prints.com\/en\/wp-json\/wp\/v2\/product_cat?post=6135"},{"taxonomy":"product_tag","embeddable":true,"href":"https:\/\/welcome-prints.com\/en\/wp-json\/wp\/v2\/product_tag?post=6135"}],"curies":[{"name":"wp","href":"https:\/\/api.w.org\/{rel}","templated":true}]}}