{"id":6126,"date":"2025-10-05T08:39:35","date_gmt":"2025-10-05T08:39:35","guid":{"rendered":"https:\/\/welcome-prints.com\/?post_type=product&#038;p=6126"},"modified":"2026-04-09T19:47:09","modified_gmt":"2026-04-09T19:47:09","slug":"le-mois-de-lours","status":"publish","type":"product","link":"https:\/\/welcome-prints.com\/en\/produit\/le-mois-de-lours\/","title":{"rendered":"Le mois de l&#8217;ours"},"content":{"rendered":"<p>Oeuvre enti\u00e8rement grav\u00e9e au burin. Imprim\u00e9e par les ateliers Moret, Paris. Exemplaires disponibles de 20\/30 \u00e0 30\/30.<\/p>\n","protected":false},"excerpt":{"rendered":"<p>Oeuvre enti\u00e8rement grav\u00e9e au burin. Imprim\u00e9e par les ateliers Moret, Paris. Exemplaires disponibles de 20\/30 \u00e0 30\/30.<\/p>\n","protected":false},"featured_media":6124,"template":"","meta":{"_acf_changed":false},"product_brand":[],"product_cat":[224,220,196,215,200],"product_tag":[],"class_list":{"0":"post-6126","1":"product","2":"type-product","3":"status-publish","4":"has-post-thumbnail","6":"product_cat-224","7":"product_cat-burin","8":"product_cat-france","9":"product_cat-moyen","10":"product_cat-portrait","12":"first","13":"instock","14":"shipping-taxable","15":"purchasable","16":"product-type-simple"},"acf":[],"_links":{"self":[{"href":"https:\/\/welcome-prints.com\/en\/wp-json\/wp\/v2\/product\/6126","targetHints":{"allow":["GET"]}}],"collection":[{"href":"https:\/\/welcome-prints.com\/en\/wp-json\/wp\/v2\/product"}],"about":[{"href":"https:\/\/welcome-prints.com\/en\/wp-json\/wp\/v2\/types\/product"}],"wp:featuredmedia":[{"embeddable":true,"href":"https:\/\/welcome-prints.com\/en\/wp-json\/wp\/v2\/media\/6124"}],"wp:attachment":[{"href":"https:\/\/welcome-prints.com\/en\/wp-json\/wp\/v2\/media?parent=6126"}],"wp:term":[{"taxonomy":"product_brand","embeddable":true,"href":"https:\/\/welcome-prints.com\/en\/wp-json\/wp\/v2\/product_brand?post=6126"},{"taxonomy":"product_cat","embeddable":true,"href":"https:\/\/welcome-prints.com\/en\/wp-json\/wp\/v2\/product_cat?post=6126"},{"taxonomy":"product_tag","embeddable":true,"href":"https:\/\/welcome-prints.com\/en\/wp-json\/wp\/v2\/product_tag?post=6126"}],"curies":[{"name":"wp","href":"https:\/\/api.w.org\/{rel}","templated":true}]}}