{"id":6113,"date":"2025-10-06T13:02:47","date_gmt":"2025-10-06T13:02:47","guid":{"rendered":"https:\/\/welcome-prints.com\/?post_type=product&#038;p=6113"},"modified":"2026-04-09T17:34:03","modified_gmt":"2026-04-09T17:34:03","slug":"soffrir-le-droit-de-vivre","status":"publish","type":"product","link":"https:\/\/welcome-prints.com\/en\/produit\/soffrir-le-droit-de-vivre\/","title":{"rendered":"S&#8217;offrir le droit de vivre"},"content":{"rendered":"<p>Sur cette gravure, une femme est allong\u00e9e dans un hamac. Elle attend son cocktail : un m\u00e9lange aux couleurs tropicales, une tranche de fruit frais, une ombrelle pos\u00e9e \u00e0 c\u00f4t\u00e9 de la paille.<\/p>\n<p>Il faut bien tout \u00e7a pour oublier que les &#8220;cocotiers&#8221; qui soutiennent son hamac sont en r\u00e9alit\u00e9 les montants de la mezzanine.<br \/>\nElle vit dans un petit studio, loin de la plage et du sable chaud.<br \/>\nTout son environnement lui souffle d\u2019agir, de faire plus, de produire.<br \/>\nElle n\u2019a ni les moyens, ni m\u00eame l\u2019envie de fuir \u00e0 l\u2019autre bout du monde.<br \/>\nMais elle a investi dans ce hamac car elle veut se rappeler, chaque jour, qu\u2019elle peut s\u2019offrir le droit de vivre.<\/p>\n<p>__________________<\/p>\n<p>Cette gravure c\u00e9l\u00e8bre l\u2019art du vrai repos : celui qui ne cherche pas d\u2019excuse, qui n\u2019a rien \u00e0 prouver.<br \/>\n Elle vous rappelle que s\u2019arr\u00eater n\u2019est pas fuir mais r\u00e9sister \u2014 choisir la douceur dans un monde press\u00e9.<br \/>\n\u2728 Tirage limit\u00e9, 10 exemplaires.<\/p>\n","protected":false},"excerpt":{"rendered":"<p>Sur cette gravure, une femme est allong\u00e9e dans un hamac. Elle attend son cocktail : un m\u00e9lange aux couleurs tropicales, une tranche de fruit frais, une ombrelle pos\u00e9e \u00e0 c\u00f4t\u00e9 de la paille. Il faut bien tout \u00e7a pour oublier que les &#8220;cocotiers&#8221; qui soutiennent son hamac sont en r\u00e9alit\u00e9 les montants de la mezzanine. [&hellip;]<\/p>\n","protected":false},"featured_media":6106,"template":"","meta":{"_acf_changed":false},"product_brand":[],"product_cat":[212,196,241,228,214,200],"product_tag":[],"class_list":{"0":"post-6113","1":"product","2":"type-product","3":"status-publish","4":"has-post-thumbnail","6":"product_cat-212","7":"product_cat-france","8":"product_cat-laura-loriers","9":"product_cat-linogravure","10":"product_cat-petit","11":"product_cat-portrait","13":"first","14":"instock","15":"shipping-taxable","16":"purchasable","17":"product-type-simple"},"acf":[],"_links":{"self":[{"href":"https:\/\/welcome-prints.com\/en\/wp-json\/wp\/v2\/product\/6113","targetHints":{"allow":["GET"]}}],"collection":[{"href":"https:\/\/welcome-prints.com\/en\/wp-json\/wp\/v2\/product"}],"about":[{"href":"https:\/\/welcome-prints.com\/en\/wp-json\/wp\/v2\/types\/product"}],"wp:featuredmedia":[{"embeddable":true,"href":"https:\/\/welcome-prints.com\/en\/wp-json\/wp\/v2\/media\/6106"}],"wp:attachment":[{"href":"https:\/\/welcome-prints.com\/en\/wp-json\/wp\/v2\/media?parent=6113"}],"wp:term":[{"taxonomy":"product_brand","embeddable":true,"href":"https:\/\/welcome-prints.com\/en\/wp-json\/wp\/v2\/product_brand?post=6113"},{"taxonomy":"product_cat","embeddable":true,"href":"https:\/\/welcome-prints.com\/en\/wp-json\/wp\/v2\/product_cat?post=6113"},{"taxonomy":"product_tag","embeddable":true,"href":"https:\/\/welcome-prints.com\/en\/wp-json\/wp\/v2\/product_tag?post=6113"}],"curies":[{"name":"wp","href":"https:\/\/api.w.org\/{rel}","templated":true}]}}