{"id":6112,"date":"2025-09-29T08:35:43","date_gmt":"2025-09-29T08:35:43","guid":{"rendered":"https:\/\/welcome-prints.com\/produit\/inventer-demain\/"},"modified":"2026-04-09T17:40:01","modified_gmt":"2026-04-09T17:40:01","slug":"inventer-demain","status":"publish","type":"product","link":"https:\/\/welcome-prints.com\/en\/produit\/inventer-demain\/","title":{"rendered":"Inventer demain"},"content":{"rendered":"<p>Cette gravure de Valadon n\u2019est pas seulement un portrait : c\u2019est une invitation \u00e0 s\u2019imaginer plus grande que soi.<br \/>\n Comme Valadon, nous avons toutes connu des moments o\u00f9 personne ne croyait en nous. O\u00f9 il fallait puiser dans une force int\u00e9rieure, presque mythique, pour continuer d\u2019avancer.<br \/>\nAccueillir cette \u0153uvre chez vous, c\u2019est vous offrir ce rappel quotidien :<br \/>\n \u2728 que vos contradictions sont votre richesse,<br \/>\n \u2728 que vos r\u00eaves m\u00e9ritent d\u2019\u00eatre suivis,<br \/>\n \u2728 et que, comme Valadon, vous avez le pouvoir d\u2019inventer demain.<br \/>\n\ud83d\udc49 Tirage limit\u00e9, r\u00e9alis\u00e9 \u00e0 la main dans mon atelier.<\/p>\n","protected":false},"excerpt":{"rendered":"<p>Cette gravure de Valadon n\u2019est pas seulement un portrait : c\u2019est une invitation \u00e0 s\u2019imaginer plus grande que soi. Comme Valadon, nous avons toutes connu des moments o\u00f9 personne ne croyait en nous. O\u00f9 il fallait puiser dans une force int\u00e9rieure, presque mythique, pour continuer d\u2019avancer. Accueillir cette \u0153uvre chez vous, c\u2019est vous offrir ce [&hellip;]<\/p>\n","protected":false},"featured_media":6102,"template":"","meta":{"_acf_changed":false},"product_brand":[],"product_cat":[223,196,241,228,214,200],"product_tag":[],"class_list":{"0":"post-6112","1":"product","2":"type-product","3":"status-publish","4":"has-post-thumbnail","6":"product_cat-223","7":"product_cat-france","8":"product_cat-laura-loriers","9":"product_cat-linogravure","10":"product_cat-petit","11":"product_cat-portrait","13":"first","14":"instock","15":"shipping-taxable","16":"purchasable","17":"product-type-simple"},"acf":[],"_links":{"self":[{"href":"https:\/\/welcome-prints.com\/en\/wp-json\/wp\/v2\/product\/6112","targetHints":{"allow":["GET"]}}],"collection":[{"href":"https:\/\/welcome-prints.com\/en\/wp-json\/wp\/v2\/product"}],"about":[{"href":"https:\/\/welcome-prints.com\/en\/wp-json\/wp\/v2\/types\/product"}],"wp:featuredmedia":[{"embeddable":true,"href":"https:\/\/welcome-prints.com\/en\/wp-json\/wp\/v2\/media\/6102"}],"wp:attachment":[{"href":"https:\/\/welcome-prints.com\/en\/wp-json\/wp\/v2\/media?parent=6112"}],"wp:term":[{"taxonomy":"product_brand","embeddable":true,"href":"https:\/\/welcome-prints.com\/en\/wp-json\/wp\/v2\/product_brand?post=6112"},{"taxonomy":"product_cat","embeddable":true,"href":"https:\/\/welcome-prints.com\/en\/wp-json\/wp\/v2\/product_cat?post=6112"},{"taxonomy":"product_tag","embeddable":true,"href":"https:\/\/welcome-prints.com\/en\/wp-json\/wp\/v2\/product_tag?post=6112"}],"curies":[{"name":"wp","href":"https:\/\/api.w.org\/{rel}","templated":true}]}}