{"id":6097,"date":"2025-09-27T09:26:13","date_gmt":"2025-09-27T09:26:13","guid":{"rendered":"https:\/\/welcome-prints.com\/?post_type=product&#038;p=6097"},"modified":"2026-05-06T15:56:43","modified_gmt":"2026-05-06T15:56:43","slug":"tout-allait-pour-le-mieux-sous-le-soleil","status":"publish","type":"product","link":"https:\/\/welcome-prints.com\/en\/produit\/tout-allait-pour-le-mieux-sous-le-soleil\/","title":{"rendered":"Tout allait pour le mieux sous le soleil"},"content":{"rendered":"<p>Gravure \u00e0 l&#8217;eau forte et aquatinte. Rehaut d&#8217;aquarelle et roulage. Imprim\u00e9e en 20 exemplaires, sur papier Hahnem\u00fchle blanc naturel 300g.<\/p>\n","protected":false},"excerpt":{"rendered":"<p>Gravure compos\u00e9e de 4 petites plaques de 6x6cm.<\/p>\n","protected":false},"featured_media":6098,"template":"","meta":{"_acf_changed":false},"product_brand":[],"product_cat":[223,206,210,196,215,200,259],"product_tag":[],"class_list":{"0":"post-6097","1":"product","2":"type-product","3":"status-publish","4":"has-post-thumbnail","6":"product_cat-223","7":"product_cat-aquatinte","8":"product_cat-eau-forte","9":"product_cat-france","10":"product_cat-moyen","11":"product_cat-portrait","12":"product_cat-vernis-mou","14":"first","15":"instock","16":"shipping-taxable","17":"purchasable","18":"product-type-simple"},"acf":[],"_links":{"self":[{"href":"https:\/\/welcome-prints.com\/en\/wp-json\/wp\/v2\/product\/6097","targetHints":{"allow":["GET"]}}],"collection":[{"href":"https:\/\/welcome-prints.com\/en\/wp-json\/wp\/v2\/product"}],"about":[{"href":"https:\/\/welcome-prints.com\/en\/wp-json\/wp\/v2\/types\/product"}],"wp:featuredmedia":[{"embeddable":true,"href":"https:\/\/welcome-prints.com\/en\/wp-json\/wp\/v2\/media\/6098"}],"wp:attachment":[{"href":"https:\/\/welcome-prints.com\/en\/wp-json\/wp\/v2\/media?parent=6097"}],"wp:term":[{"taxonomy":"product_brand","embeddable":true,"href":"https:\/\/welcome-prints.com\/en\/wp-json\/wp\/v2\/product_brand?post=6097"},{"taxonomy":"product_cat","embeddable":true,"href":"https:\/\/welcome-prints.com\/en\/wp-json\/wp\/v2\/product_cat?post=6097"},{"taxonomy":"product_tag","embeddable":true,"href":"https:\/\/welcome-prints.com\/en\/wp-json\/wp\/v2\/product_tag?post=6097"}],"curies":[{"name":"wp","href":"https:\/\/api.w.org\/{rel}","templated":true}]}}