{"id":6096,"date":"2025-09-23T09:36:44","date_gmt":"2025-09-23T09:36:44","guid":{"rendered":"https:\/\/welcome-prints.com\/produit\/la-guerre\/"},"modified":"2026-04-09T15:29:26","modified_gmt":"2026-04-09T15:29:26","slug":"la-guerre","status":"publish","type":"product","link":"https:\/\/welcome-prints.com\/en\/produit\/la-guerre\/","title":{"rendered":"La guerre"},"content":{"rendered":"<p>Linogravure en r\u00e9duction de couleurs, 4 passages. \u00e9dition limit\u00e9e \u00e0 douze exemplaires. Pas de retirage possible.<br \/>\nle num\u00e9ro sur la photo est non contractuel, ne pas h\u00e9siter \u00e0 m&#8217;\u00e9crire si vous souhaitez un tirage en particulier, si je l&#8217;ai en stock je l&#8217;enverrai.<br \/>\n\u0152uvre envoy\u00e9 \u00e0-plat par La Poste avec certificat. Exp\u00e9dition gratuite en France.<\/p>\n","protected":false},"excerpt":{"rendered":"<p>Linogravure en r\u00e9duction de couleurs, 4 passages. \u00e9dition limit\u00e9e \u00e0 douze exemplaires. Pas de retirage possible. le num\u00e9ro sur la photo est non contractuel, ne pas h\u00e9siter \u00e0 m&#8217;\u00e9crire si vous souhaitez un tirage en particulier, si je l&#8217;ai en stock je l&#8217;enverrai. \u0152uvre envoy\u00e9 \u00e0-plat par La Poste avec certificat. Exp\u00e9dition gratuite en France.<\/p>\n","protected":false},"featured_media":6086,"template":"","meta":{"_acf_changed":false},"product_brand":[],"product_cat":[212,330,215,200],"product_tag":[],"class_list":{"0":"post-6096","1":"product","2":"type-product","3":"status-publish","4":"has-post-thumbnail","6":"product_cat-212","7":"product_cat-anne-sophie-llobel","8":"product_cat-moyen","9":"product_cat-portrait","11":"first","12":"instock","13":"shipping-taxable","14":"purchasable","15":"product-type-simple"},"acf":[],"_links":{"self":[{"href":"https:\/\/welcome-prints.com\/en\/wp-json\/wp\/v2\/product\/6096","targetHints":{"allow":["GET"]}}],"collection":[{"href":"https:\/\/welcome-prints.com\/en\/wp-json\/wp\/v2\/product"}],"about":[{"href":"https:\/\/welcome-prints.com\/en\/wp-json\/wp\/v2\/types\/product"}],"wp:featuredmedia":[{"embeddable":true,"href":"https:\/\/welcome-prints.com\/en\/wp-json\/wp\/v2\/media\/6086"}],"wp:attachment":[{"href":"https:\/\/welcome-prints.com\/en\/wp-json\/wp\/v2\/media?parent=6096"}],"wp:term":[{"taxonomy":"product_brand","embeddable":true,"href":"https:\/\/welcome-prints.com\/en\/wp-json\/wp\/v2\/product_brand?post=6096"},{"taxonomy":"product_cat","embeddable":true,"href":"https:\/\/welcome-prints.com\/en\/wp-json\/wp\/v2\/product_cat?post=6096"},{"taxonomy":"product_tag","embeddable":true,"href":"https:\/\/welcome-prints.com\/en\/wp-json\/wp\/v2\/product_tag?post=6096"}],"curies":[{"name":"wp","href":"https:\/\/api.w.org\/{rel}","templated":true}]}}