{"id":6077,"date":"2025-09-19T16:17:41","date_gmt":"2025-09-19T16:17:41","guid":{"rendered":"https:\/\/welcome-prints.com\/?post_type=product&#038;p=6077"},"modified":"2026-05-06T11:03:17","modified_gmt":"2026-05-06T11:03:17","slug":"cyclope-%c2%b7-%ce%ba%cf%8d%ce%ba%ce%bb%cf%89%cf%88","status":"publish","type":"product","link":"https:\/\/welcome-prints.com\/en\/produit\/cyclope-%c2%b7-%ce%ba%cf%8d%ce%ba%ce%bb%cf%89%cf%88\/","title":{"rendered":"Cyclope \u00b7 \u039a\u03cd\u03ba\u03bb\u03c9\u03c8,"},"content":{"rendered":"<p>\u00ab Entre la Sicile et Lipare, l\u2019une des \u00c9oliennes, s\u2019\u00e9l\u00e8ve une \u00eele aux sommets fumants : sous ces roches s\u2019\u00e9tendent des cavernes, et tonnent min\u00e9s par les fournaises des cyclopes des antres pareils \u00e0 ceux de l\u2019Etna : de l\u00e0 les pesants marteaux tombant sur les enclumes renvoient de lointains g\u00e9missements ; dans ces cavernes \u00e9tincelle en sifflant l\u2019acier des Chalybes ; la flamme hal\u00e8te dans ses fournaises rugissantes. \u00bb  (Virgile, \u00c9n\u00e9ide, VIII.)<\/p>\n<p>Gravure taille-douce imprim\u00e9e sur papier Hahnem\u00fchle blanc antique.<br \/>\nTitr\u00e9e, num\u00e9rot\u00e9e et sign\u00e9e \u00e0 la main par l\u2019artiste.<br \/>\n\u00c9dition limit\u00e9e \u00e0 trente-six exemplaires.<\/p>\n<p>Artiste-graveur : Hyacinthus<br \/>\nImprimeur : Matthieu Perramant, aux ateliers Moret (Paris).<\/p>\n<p>\u00a9 Yacine Gouaref, dit Hyacinthus, ADAGP, 2025, Paris.<\/p>\n","protected":false},"excerpt":{"rendered":"<p>gravure taille-douce.<\/p>\n","protected":false},"featured_media":6078,"template":"","meta":{"_acf_changed":false},"product_brand":[],"product_cat":[225,206,210,196,299,214,211,200,248],"product_tag":[],"class_list":{"0":"post-6077","1":"product","2":"type-product","3":"status-publish","4":"has-post-thumbnail","6":"product_cat-225","7":"product_cat-aquatinte","8":"product_cat-eau-forte","9":"product_cat-france","10":"product_cat-hyacinthus","11":"product_cat-petit","12":"product_cat-pointe-seche","13":"product_cat-portrait","14":"product_cat-techniques-mixtes","16":"first","17":"instock","18":"shipping-taxable","19":"purchasable","20":"product-type-simple"},"acf":[],"_links":{"self":[{"href":"https:\/\/welcome-prints.com\/en\/wp-json\/wp\/v2\/product\/6077","targetHints":{"allow":["GET"]}}],"collection":[{"href":"https:\/\/welcome-prints.com\/en\/wp-json\/wp\/v2\/product"}],"about":[{"href":"https:\/\/welcome-prints.com\/en\/wp-json\/wp\/v2\/types\/product"}],"wp:featuredmedia":[{"embeddable":true,"href":"https:\/\/welcome-prints.com\/en\/wp-json\/wp\/v2\/media\/6078"}],"wp:attachment":[{"href":"https:\/\/welcome-prints.com\/en\/wp-json\/wp\/v2\/media?parent=6077"}],"wp:term":[{"taxonomy":"product_brand","embeddable":true,"href":"https:\/\/welcome-prints.com\/en\/wp-json\/wp\/v2\/product_brand?post=6077"},{"taxonomy":"product_cat","embeddable":true,"href":"https:\/\/welcome-prints.com\/en\/wp-json\/wp\/v2\/product_cat?post=6077"},{"taxonomy":"product_tag","embeddable":true,"href":"https:\/\/welcome-prints.com\/en\/wp-json\/wp\/v2\/product_tag?post=6077"}],"curies":[{"name":"wp","href":"https:\/\/api.w.org\/{rel}","templated":true}]}}