{"id":6067,"date":"2025-09-17T13:33:27","date_gmt":"2025-09-17T13:33:27","guid":{"rendered":"https:\/\/welcome-prints.com\/produit\/loeil-de-boeuf\/"},"modified":"2026-04-09T16:55:11","modified_gmt":"2026-04-09T16:55:11","slug":"loeil-de-boeuf","status":"publish","type":"product","link":"https:\/\/welcome-prints.com\/en\/produit\/loeil-de-boeuf\/","title":{"rendered":"L&#8217;Oeil de boeuf"},"content":{"rendered":"<p>Gravure sur Tetrapak imprim\u00e9es \u00e0 l\u2019encre Charbonnel sur papier Hahnem\u00fchle .<br \/>\nNum\u00e9rot\u00e9e \/10 et sign\u00e9e accompagn\u00e9e d\u2019un certificat d\u2019authenticit\u00e9.<\/p>\n","protected":false},"excerpt":{"rendered":"<p>Gravure sur Tetrapak imprim\u00e9es \u00e0 l\u2019encre Charbonnel sur papier Hahnem\u00fchle . Num\u00e9rot\u00e9e \/10 et sign\u00e9e accompagn\u00e9e d\u2019un certificat d\u2019authenticit\u00e9.<\/p>\n","protected":false},"featured_media":6059,"template":"","meta":{"_acf_changed":false},"product_brand":[],"product_cat":[291,202,244,196,214,211,248],"product_tag":[],"class_list":{"0":"post-6067","1":"product","2":"type-product","3":"status-publish","4":"has-post-thumbnail","6":"product_cat-291","7":"product_cat-carre","8":"product_cat-florence-tedeschi","9":"product_cat-france","10":"product_cat-petit","11":"product_cat-pointe-seche","12":"product_cat-techniques-mixtes","14":"first","15":"instock","16":"shipping-taxable","17":"purchasable","18":"product-type-simple"},"acf":[],"_links":{"self":[{"href":"https:\/\/welcome-prints.com\/en\/wp-json\/wp\/v2\/product\/6067","targetHints":{"allow":["GET"]}}],"collection":[{"href":"https:\/\/welcome-prints.com\/en\/wp-json\/wp\/v2\/product"}],"about":[{"href":"https:\/\/welcome-prints.com\/en\/wp-json\/wp\/v2\/types\/product"}],"wp:featuredmedia":[{"embeddable":true,"href":"https:\/\/welcome-prints.com\/en\/wp-json\/wp\/v2\/media\/6059"}],"wp:attachment":[{"href":"https:\/\/welcome-prints.com\/en\/wp-json\/wp\/v2\/media?parent=6067"}],"wp:term":[{"taxonomy":"product_brand","embeddable":true,"href":"https:\/\/welcome-prints.com\/en\/wp-json\/wp\/v2\/product_brand?post=6067"},{"taxonomy":"product_cat","embeddable":true,"href":"https:\/\/welcome-prints.com\/en\/wp-json\/wp\/v2\/product_cat?post=6067"},{"taxonomy":"product_tag","embeddable":true,"href":"https:\/\/welcome-prints.com\/en\/wp-json\/wp\/v2\/product_tag?post=6067"}],"curies":[{"name":"wp","href":"https:\/\/api.w.org\/{rel}","templated":true}]}}