{"id":5997,"date":"2025-09-10T13:24:51","date_gmt":"2025-09-10T13:24:51","guid":{"rendered":"https:\/\/welcome-prints.com\/?post_type=product&#038;p=5997"},"modified":"2026-05-06T11:53:21","modified_gmt":"2026-05-06T11:53:21","slug":"homo-focus","status":"publish","type":"product","link":"https:\/\/welcome-prints.com\/en\/produit\/homo-focus\/","title":{"rendered":"Homo focus"},"content":{"rendered":"<p>Gravure (eau forte, vernis mou, pointe s\u00e8che et gaufrage) imprim\u00e9e par l&#8217;artiste sur papier BFK Rives blanc 300g. 60x120cm.<br \/>\n\u00c9dition de 5 exemplaires.<\/p>\n","protected":false},"excerpt":{"rendered":"<p>Gravure (eau forte, vernis mou, pointe s\u00e8che et gaufrage) imprim\u00e9e par l&#8217;artiste sur papier BFK Rives blanc 300g. 60x120cm. \u00c9dition de 5 exemplaires.<\/p>\n","protected":false},"featured_media":6040,"template":"","meta":{"_acf_changed":false},"product_brand":[],"product_cat":[224,210,196,317,328,216,200,259],"product_tag":[],"class_list":{"0":"post-5997","1":"product","2":"type-product","3":"status-publish","4":"has-post-thumbnail","6":"product_cat-224","7":"product_cat-eau-forte","8":"product_cat-france","9":"product_cat-gaufrage","10":"product_cat-gladys-bregeon","11":"product_cat-grand","12":"product_cat-portrait","13":"product_cat-vernis-mou","15":"first","16":"instock","17":"shipping-taxable","18":"purchasable","19":"product-type-simple"},"acf":[],"_links":{"self":[{"href":"https:\/\/welcome-prints.com\/en\/wp-json\/wp\/v2\/product\/5997","targetHints":{"allow":["GET"]}}],"collection":[{"href":"https:\/\/welcome-prints.com\/en\/wp-json\/wp\/v2\/product"}],"about":[{"href":"https:\/\/welcome-prints.com\/en\/wp-json\/wp\/v2\/types\/product"}],"wp:featuredmedia":[{"embeddable":true,"href":"https:\/\/welcome-prints.com\/en\/wp-json\/wp\/v2\/media\/6040"}],"wp:attachment":[{"href":"https:\/\/welcome-prints.com\/en\/wp-json\/wp\/v2\/media?parent=5997"}],"wp:term":[{"taxonomy":"product_brand","embeddable":true,"href":"https:\/\/welcome-prints.com\/en\/wp-json\/wp\/v2\/product_brand?post=5997"},{"taxonomy":"product_cat","embeddable":true,"href":"https:\/\/welcome-prints.com\/en\/wp-json\/wp\/v2\/product_cat?post=5997"},{"taxonomy":"product_tag","embeddable":true,"href":"https:\/\/welcome-prints.com\/en\/wp-json\/wp\/v2\/product_tag?post=5997"}],"curies":[{"name":"wp","href":"https:\/\/api.w.org\/{rel}","templated":true}]}}