{"id":5996,"date":"2025-09-10T13:22:57","date_gmt":"2025-09-10T13:22:57","guid":{"rendered":"https:\/\/welcome-prints.com\/?post_type=product&#038;p=5996"},"modified":"2026-05-06T12:00:40","modified_gmt":"2026-05-06T12:00:40","slug":"levres-nevroptiques-iii","status":"publish","type":"product","link":"https:\/\/welcome-prints.com\/en\/produit\/levres-nevroptiques-iii\/","title":{"rendered":"L\u00e8vres n\u00e9vroptiques III"},"content":{"rendered":"<p>Gravure (eau forte, vernis mou et pointe s\u00e8che) imprim\u00e9e par l&#8217;artiste sur papier BFK Rives blanc 38x39cm.<br \/>\n\u00c9dition de 6 exemplaires.<\/p>\n","protected":false},"excerpt":{"rendered":"<p>Gravure (eau forte, vernis mou et pointe s\u00e8che) imprim\u00e9e par l&#8217;artiste sur papier BFK Rives blanc 38x39cm. \u00c9dition de 6 exemplaires.<\/p>\n","protected":false},"featured_media":6048,"template":"","meta":{"_acf_changed":false},"product_brand":[],"product_cat":[271,210,196,328,215,211,200,259],"product_tag":[],"class_list":{"0":"post-5996","1":"product","2":"type-product","3":"status-publish","4":"has-post-thumbnail","6":"product_cat-271","7":"product_cat-eau-forte","8":"product_cat-france","9":"product_cat-gladys-bregeon","10":"product_cat-moyen","11":"product_cat-pointe-seche","12":"product_cat-portrait","13":"product_cat-vernis-mou","15":"first","16":"instock","17":"shipping-taxable","18":"purchasable","19":"product-type-simple"},"acf":[],"_links":{"self":[{"href":"https:\/\/welcome-prints.com\/en\/wp-json\/wp\/v2\/product\/5996","targetHints":{"allow":["GET"]}}],"collection":[{"href":"https:\/\/welcome-prints.com\/en\/wp-json\/wp\/v2\/product"}],"about":[{"href":"https:\/\/welcome-prints.com\/en\/wp-json\/wp\/v2\/types\/product"}],"wp:featuredmedia":[{"embeddable":true,"href":"https:\/\/welcome-prints.com\/en\/wp-json\/wp\/v2\/media\/6048"}],"wp:attachment":[{"href":"https:\/\/welcome-prints.com\/en\/wp-json\/wp\/v2\/media?parent=5996"}],"wp:term":[{"taxonomy":"product_brand","embeddable":true,"href":"https:\/\/welcome-prints.com\/en\/wp-json\/wp\/v2\/product_brand?post=5996"},{"taxonomy":"product_cat","embeddable":true,"href":"https:\/\/welcome-prints.com\/en\/wp-json\/wp\/v2\/product_cat?post=5996"},{"taxonomy":"product_tag","embeddable":true,"href":"https:\/\/welcome-prints.com\/en\/wp-json\/wp\/v2\/product_tag?post=5996"}],"curies":[{"name":"wp","href":"https:\/\/api.w.org\/{rel}","templated":true}]}}