{"id":5994,"date":"2025-09-10T13:20:37","date_gmt":"2025-09-10T13:20:37","guid":{"rendered":"https:\/\/welcome-prints.com\/?post_type=product&#038;p=5994"},"modified":"2026-05-06T17:01:17","modified_gmt":"2026-05-06T17:01:17","slug":"du-fer-oxyde-une-source-xvii","status":"publish","type":"product","link":"https:\/\/welcome-prints.com\/en\/produit\/du-fer-oxyde-une-source-xvii\/","title":{"rendered":"Du fer oxyde une source XVII"},"content":{"rendered":"<p>Gravure (eau forte) imprim\u00e9e par l&#8217;artiste sur papier BFK Rives blanc 38x50cm.<br \/>\n\u00c9dition de 10 exemplaires.<\/p>\n<p>Cette estampe est issue d&#8217;une s\u00e9rie de 20 gravures ind\u00e9pendantes, r\u00e9unies dans un livre d&#8217;artiste \u00e9dit\u00e9 \u00e0 5 exemplaires avec un texte de R\u00e9gis Roux.<\/p>\n","protected":false},"excerpt":{"rendered":"<p>Gravure (eau forte) imprim\u00e9e par l&#8217;artiste sur papier BFK Rives blanc 38x50cm. \u00c9dition de 10 exemplaires. Cette estampe est issue d&#8217;une s\u00e9rie de 20 gravures ind\u00e9pendantes, r\u00e9unies dans un livre d&#8217;artiste \u00e9dit\u00e9 \u00e0 5 exemplaires avec un texte de R\u00e9gis Roux.<\/p>\n","protected":false},"featured_media":6010,"template":"","meta":{"_acf_changed":false},"product_brand":[],"product_cat":[238,210,196,328,216,200],"product_tag":[],"class_list":{"0":"post-5994","1":"product","2":"type-product","3":"status-publish","4":"has-post-thumbnail","6":"product_cat-238","7":"product_cat-eau-forte","8":"product_cat-france","9":"product_cat-gladys-bregeon","10":"product_cat-grand","11":"product_cat-portrait","13":"first","14":"instock","15":"shipping-taxable","16":"purchasable","17":"product-type-simple"},"acf":[],"_links":{"self":[{"href":"https:\/\/welcome-prints.com\/en\/wp-json\/wp\/v2\/product\/5994","targetHints":{"allow":["GET"]}}],"collection":[{"href":"https:\/\/welcome-prints.com\/en\/wp-json\/wp\/v2\/product"}],"about":[{"href":"https:\/\/welcome-prints.com\/en\/wp-json\/wp\/v2\/types\/product"}],"wp:featuredmedia":[{"embeddable":true,"href":"https:\/\/welcome-prints.com\/en\/wp-json\/wp\/v2\/media\/6010"}],"wp:attachment":[{"href":"https:\/\/welcome-prints.com\/en\/wp-json\/wp\/v2\/media?parent=5994"}],"wp:term":[{"taxonomy":"product_brand","embeddable":true,"href":"https:\/\/welcome-prints.com\/en\/wp-json\/wp\/v2\/product_brand?post=5994"},{"taxonomy":"product_cat","embeddable":true,"href":"https:\/\/welcome-prints.com\/en\/wp-json\/wp\/v2\/product_cat?post=5994"},{"taxonomy":"product_tag","embeddable":true,"href":"https:\/\/welcome-prints.com\/en\/wp-json\/wp\/v2\/product_tag?post=5994"}],"curies":[{"name":"wp","href":"https:\/\/api.w.org\/{rel}","templated":true}]}}