{"id":5987,"date":"2025-09-10T13:25:16","date_gmt":"2025-09-10T13:25:16","guid":{"rendered":"https:\/\/welcome-prints.com\/?post_type=product&#038;p=5987"},"modified":"2026-05-06T15:10:06","modified_gmt":"2026-05-06T15:10:06","slug":"ontopologie-i-laxiome","status":"publish","type":"product","link":"https:\/\/welcome-prints.com\/en\/produit\/ontopologie-i-laxiome\/","title":{"rendered":"Ontopologie I, l&#8217;axiome"},"content":{"rendered":"<p>Gravure (aquatinte, eau forte, pointe s\u00e8che) imprim\u00e9e par l&#8217;artiste en deux couleurs sur papier BFK Rives blanc 75x105cm.<br \/>\nImpression en deux passages;<br \/>\n\u00c9dition de 5 exemplaires.<\/p>\n<p>Estampe issue d&#8217;une s\u00e9rie de 8 gravures ind\u00e9pendantes.<\/p>\n","protected":false},"excerpt":{"rendered":"<p>Gravure (aquatinte, eau forte, pointe s\u00e8che) imprim\u00e9e par l&#8217;artiste en deux couleurs sur papier BFK Rives blanc 75x105cm. Impression en deux passages; \u00c9dition de 5 exemplaires. Estampe issue d&#8217;une s\u00e9rie de 8 gravures ind\u00e9pendantes.<\/p>\n","protected":false},"featured_media":6046,"template":"","meta":{"_acf_changed":false},"product_brand":[],"product_cat":[224,206,210,196,328,216,211,200],"product_tag":[],"class_list":{"0":"post-5987","1":"product","2":"type-product","3":"status-publish","4":"has-post-thumbnail","6":"product_cat-224","7":"product_cat-aquatinte","8":"product_cat-eau-forte","9":"product_cat-france","10":"product_cat-gladys-bregeon","11":"product_cat-grand","12":"product_cat-pointe-seche","13":"product_cat-portrait","15":"first","16":"instock","17":"sold-individually","18":"shipping-taxable","19":"purchasable","20":"product-type-simple"},"acf":[],"_links":{"self":[{"href":"https:\/\/welcome-prints.com\/en\/wp-json\/wp\/v2\/product\/5987","targetHints":{"allow":["GET"]}}],"collection":[{"href":"https:\/\/welcome-prints.com\/en\/wp-json\/wp\/v2\/product"}],"about":[{"href":"https:\/\/welcome-prints.com\/en\/wp-json\/wp\/v2\/types\/product"}],"wp:featuredmedia":[{"embeddable":true,"href":"https:\/\/welcome-prints.com\/en\/wp-json\/wp\/v2\/media\/6046"}],"wp:attachment":[{"href":"https:\/\/welcome-prints.com\/en\/wp-json\/wp\/v2\/media?parent=5987"}],"wp:term":[{"taxonomy":"product_brand","embeddable":true,"href":"https:\/\/welcome-prints.com\/en\/wp-json\/wp\/v2\/product_brand?post=5987"},{"taxonomy":"product_cat","embeddable":true,"href":"https:\/\/welcome-prints.com\/en\/wp-json\/wp\/v2\/product_cat?post=5987"},{"taxonomy":"product_tag","embeddable":true,"href":"https:\/\/welcome-prints.com\/en\/wp-json\/wp\/v2\/product_tag?post=5987"}],"curies":[{"name":"wp","href":"https:\/\/api.w.org\/{rel}","templated":true}]}}