{"id":5982,"date":"2025-09-10T13:26:19","date_gmt":"2025-09-10T13:26:19","guid":{"rendered":"https:\/\/welcome-prints.com\/?post_type=product&#038;p=5982"},"modified":"2026-05-06T12:56:42","modified_gmt":"2026-05-06T12:56:42","slug":"un-corps-de-langue","status":"publish","type":"product","link":"https:\/\/welcome-prints.com\/en\/produit\/un-corps-de-langue\/","title":{"rendered":"Un corps de langue [\u2026]"},"content":{"rendered":"<p>Gravure (eau forte, oxydations, pointe s\u00e8che, roulettes) et lettres imprim\u00e9es par l&#8217;artiste sur papier BFK Rives blanc, 70x120cm ( variation I).<br \/>\n\u00c9dition de 4 exemplaires.<\/p>\n<p>&#8221; Un corps de langue se constitue peu \u00e0 peu. C&#8217;est un corps d&#8217;air dont la seule visibilit\u00e9 s&#8217;\u00e9tale en signes s\u00e9par\u00e9s par des blancs. L&#8217;ombre noire des signes se forme au cours de silencieux et terribles affrontements. \u00c0 la surface du corps de langue flotte tout le mobilier bris\u00e9 des univers d\u00e9finitifs.\u00a0&#8221;<br \/>\nClaude Margat, &#8220;En marge d\u2019une vie&#8221;, L\u2019Atelier du Grand T\u00e9tras \u00c9ditions, 2016<\/p>\n","protected":false},"excerpt":{"rendered":"<p>Gravure (eau forte, oxydations, pointe s\u00e8che, roulettes) et lettres imprim\u00e9es par l&#8217;artiste sur papier BFK Rives blanc, 70x120cm ( variation I). \u00c9dition de 4 exemplaires. &#8221; Un corps de langue se constitue peu \u00e0 peu. C&#8217;est un corps d&#8217;air dont la seule visibilit\u00e9 s&#8217;\u00e9tale en signes s\u00e9par\u00e9s par des blancs. L&#8217;ombre noire des signes se [&hellip;]<\/p>\n","protected":false},"featured_media":6681,"template":"","meta":{"_acf_changed":false},"product_brand":[],"product_cat":[226,206,210,196,328,216,211,200,249],"product_tag":[],"class_list":{"0":"post-5982","1":"product","2":"type-product","3":"status-publish","4":"has-post-thumbnail","6":"product_cat-226","7":"product_cat-aquatinte","8":"product_cat-eau-forte","9":"product_cat-france","10":"product_cat-gladys-bregeon","11":"product_cat-grand","12":"product_cat-pointe-seche","13":"product_cat-portrait","14":"product_cat-typographie","16":"first","17":"instock","18":"sold-individually","19":"shipping-taxable","20":"purchasable","21":"product-type-simple"},"acf":[],"_links":{"self":[{"href":"https:\/\/welcome-prints.com\/en\/wp-json\/wp\/v2\/product\/5982","targetHints":{"allow":["GET"]}}],"collection":[{"href":"https:\/\/welcome-prints.com\/en\/wp-json\/wp\/v2\/product"}],"about":[{"href":"https:\/\/welcome-prints.com\/en\/wp-json\/wp\/v2\/types\/product"}],"wp:featuredmedia":[{"embeddable":true,"href":"https:\/\/welcome-prints.com\/en\/wp-json\/wp\/v2\/media\/6681"}],"wp:attachment":[{"href":"https:\/\/welcome-prints.com\/en\/wp-json\/wp\/v2\/media?parent=5982"}],"wp:term":[{"taxonomy":"product_brand","embeddable":true,"href":"https:\/\/welcome-prints.com\/en\/wp-json\/wp\/v2\/product_brand?post=5982"},{"taxonomy":"product_cat","embeddable":true,"href":"https:\/\/welcome-prints.com\/en\/wp-json\/wp\/v2\/product_cat?post=5982"},{"taxonomy":"product_tag","embeddable":true,"href":"https:\/\/welcome-prints.com\/en\/wp-json\/wp\/v2\/product_tag?post=5982"}],"curies":[{"name":"wp","href":"https:\/\/api.w.org\/{rel}","templated":true}]}}