{"id":5975,"date":"2025-09-10T13:26:37","date_gmt":"2025-09-10T13:26:37","guid":{"rendered":"https:\/\/welcome-prints.com\/?post_type=product&#038;p=5975"},"modified":"2026-05-06T12:50:43","modified_gmt":"2026-05-06T12:50:43","slug":"prompt-chaining-i","status":"publish","type":"product","link":"https:\/\/welcome-prints.com\/en\/produit\/prompt-chaining-i\/","title":{"rendered":"Prompt chaining I"},"content":{"rendered":"<p>Gravure (pointe s\u00e8che et roulettes) imprim\u00e9e par l&#8217;artiste en pleine page, 3 couleurs, sur papier couleur Magnani Pescia cr\u00e8me 300g. 28x38cm.<br \/>\n\u00c9dition de 8 exemplaires.<\/p>\n<p>Estampe issue d&#8217;une s\u00e9rie de 2 gravures ind\u00e9pendantes.<\/p>\n","protected":false},"excerpt":{"rendered":"<p>Gravure (pointe s\u00e8che et roulettes) imprim\u00e9e par l&#8217;artiste en pleine page, 3 couleurs, sur papier couleur Magnani Pescia cr\u00e8me 300g. 28x38cm. \u00c9dition de 8 exemplaires. Estampe issue d&#8217;une s\u00e9rie de 2 gravures ind\u00e9pendantes.<\/p>\n","protected":false},"featured_media":5971,"template":"","meta":{"_acf_changed":false},"product_brand":[],"product_cat":[291,210,196,328,215,211,200],"product_tag":[],"class_list":{"0":"post-5975","1":"product","2":"type-product","3":"status-publish","4":"has-post-thumbnail","6":"product_cat-291","7":"product_cat-eau-forte","8":"product_cat-france","9":"product_cat-gladys-bregeon","10":"product_cat-moyen","11":"product_cat-pointe-seche","12":"product_cat-portrait","14":"first","15":"instock","16":"sold-individually","17":"shipping-taxable","18":"purchasable","19":"product-type-simple"},"acf":[],"_links":{"self":[{"href":"https:\/\/welcome-prints.com\/en\/wp-json\/wp\/v2\/product\/5975","targetHints":{"allow":["GET"]}}],"collection":[{"href":"https:\/\/welcome-prints.com\/en\/wp-json\/wp\/v2\/product"}],"about":[{"href":"https:\/\/welcome-prints.com\/en\/wp-json\/wp\/v2\/types\/product"}],"wp:featuredmedia":[{"embeddable":true,"href":"https:\/\/welcome-prints.com\/en\/wp-json\/wp\/v2\/media\/5971"}],"wp:attachment":[{"href":"https:\/\/welcome-prints.com\/en\/wp-json\/wp\/v2\/media?parent=5975"}],"wp:term":[{"taxonomy":"product_brand","embeddable":true,"href":"https:\/\/welcome-prints.com\/en\/wp-json\/wp\/v2\/product_brand?post=5975"},{"taxonomy":"product_cat","embeddable":true,"href":"https:\/\/welcome-prints.com\/en\/wp-json\/wp\/v2\/product_cat?post=5975"},{"taxonomy":"product_tag","embeddable":true,"href":"https:\/\/welcome-prints.com\/en\/wp-json\/wp\/v2\/product_tag?post=5975"}],"curies":[{"name":"wp","href":"https:\/\/api.w.org\/{rel}","templated":true}]}}