{"id":5970,"date":"2025-09-10T07:35:17","date_gmt":"2025-09-10T07:35:17","guid":{"rendered":"https:\/\/welcome-prints.com\/?post_type=product&#038;p=5970"},"modified":"2026-05-06T16:48:05","modified_gmt":"2026-05-06T16:48:05","slug":"ventres-iv","status":"publish","type":"product","link":"https:\/\/welcome-prints.com\/en\/produit\/ventres-iv\/","title":{"rendered":"Ventres IV"},"content":{"rendered":"<p>Gravure (eau forte, gaufrage) imprim\u00e9e par l&#8217;artiste en deux couleurs sur papier couleur BFK Rives gris 280g. 28x38cm.<br \/>\nImpression en deux passages.<br \/>\n\u00c9dition de 3 exemplaires.<\/p>\n<p>Estampe issue d&#8217;une s\u00e9rie de 8 gravures ind\u00e9pendantes.<\/p>\n","protected":false},"excerpt":{"rendered":"<p>Gravure (eau forte, gaufrage) imprim\u00e9e par l&#8217;artiste en deux couleurs sur papier couleur BFK Rives gris 280g. 28x38cm. Impression en deux passages. \u00c9dition de 3 exemplaires. Estampe issue d&#8217;une s\u00e9rie de 8 gravures ind\u00e9pendantes.<\/p>\n","protected":false},"featured_media":5966,"template":"","meta":{"_acf_changed":false},"product_brand":[],"product_cat":[212,210,196,317,328,222,215,200],"product_tag":[],"class_list":{"0":"post-5970","1":"product","2":"type-product","3":"status-publish","4":"has-post-thumbnail","6":"product_cat-212","7":"product_cat-eau-forte","8":"product_cat-france","9":"product_cat-gaufrage","10":"product_cat-gladys-bregeon","11":"product_cat-maniere-noire","12":"product_cat-moyen","13":"product_cat-portrait","15":"first","16":"instock","17":"sold-individually","18":"shipping-taxable","19":"purchasable","20":"product-type-simple"},"acf":[],"_links":{"self":[{"href":"https:\/\/welcome-prints.com\/en\/wp-json\/wp\/v2\/product\/5970","targetHints":{"allow":["GET"]}}],"collection":[{"href":"https:\/\/welcome-prints.com\/en\/wp-json\/wp\/v2\/product"}],"about":[{"href":"https:\/\/welcome-prints.com\/en\/wp-json\/wp\/v2\/types\/product"}],"wp:featuredmedia":[{"embeddable":true,"href":"https:\/\/welcome-prints.com\/en\/wp-json\/wp\/v2\/media\/5966"}],"wp:attachment":[{"href":"https:\/\/welcome-prints.com\/en\/wp-json\/wp\/v2\/media?parent=5970"}],"wp:term":[{"taxonomy":"product_brand","embeddable":true,"href":"https:\/\/welcome-prints.com\/en\/wp-json\/wp\/v2\/product_brand?post=5970"},{"taxonomy":"product_cat","embeddable":true,"href":"https:\/\/welcome-prints.com\/en\/wp-json\/wp\/v2\/product_cat?post=5970"},{"taxonomy":"product_tag","embeddable":true,"href":"https:\/\/welcome-prints.com\/en\/wp-json\/wp\/v2\/product_tag?post=5970"}],"curies":[{"name":"wp","href":"https:\/\/api.w.org\/{rel}","templated":true}]}}