{"id":5962,"date":"2025-09-10T13:22:31","date_gmt":"2025-09-10T13:22:31","guid":{"rendered":"https:\/\/welcome-prints.com\/?post_type=product&#038;p=5962"},"modified":"2026-05-06T19:14:42","modified_gmt":"2026-05-06T19:14:42","slug":"boite-noire","status":"publish","type":"product","link":"https:\/\/welcome-prints.com\/en\/produit\/boite-noire\/","title":{"rendered":"Bo\u00eete noire"},"content":{"rendered":"<p>Gravure (mani\u00e8re noire, pointe s\u00e8che, roulettes) imprim\u00e9e par l&#8217;artiste sur papier BFK Rives blanc 300g 60x80cm.<br \/>\n\u00c9dition de 6 exemplaires;<\/p>\n","protected":false},"excerpt":{"rendered":"<p>Gravure (mani\u00e8re noire, pointe s\u00e8che, roulettes) imprim\u00e9e par l&#8217;artiste sur papier BFK Rives blanc 300g 60x80cm. \u00c9dition de 6 exemplaires;<\/p>\n","protected":false},"featured_media":5960,"template":"","meta":{"_acf_changed":false},"product_brand":[],"product_cat":[212,196,328,216,222,211,200],"product_tag":[],"class_list":{"0":"post-5962","1":"product","2":"type-product","3":"status-publish","4":"has-post-thumbnail","6":"product_cat-212","7":"product_cat-france","8":"product_cat-gladys-bregeon","9":"product_cat-grand","10":"product_cat-maniere-noire","11":"product_cat-pointe-seche","12":"product_cat-portrait","14":"first","15":"instock","16":"sold-individually","17":"shipping-taxable","18":"purchasable","19":"product-type-simple"},"acf":[],"_links":{"self":[{"href":"https:\/\/welcome-prints.com\/en\/wp-json\/wp\/v2\/product\/5962","targetHints":{"allow":["GET"]}}],"collection":[{"href":"https:\/\/welcome-prints.com\/en\/wp-json\/wp\/v2\/product"}],"about":[{"href":"https:\/\/welcome-prints.com\/en\/wp-json\/wp\/v2\/types\/product"}],"wp:featuredmedia":[{"embeddable":true,"href":"https:\/\/welcome-prints.com\/en\/wp-json\/wp\/v2\/media\/5960"}],"wp:attachment":[{"href":"https:\/\/welcome-prints.com\/en\/wp-json\/wp\/v2\/media?parent=5962"}],"wp:term":[{"taxonomy":"product_brand","embeddable":true,"href":"https:\/\/welcome-prints.com\/en\/wp-json\/wp\/v2\/product_brand?post=5962"},{"taxonomy":"product_cat","embeddable":true,"href":"https:\/\/welcome-prints.com\/en\/wp-json\/wp\/v2\/product_cat?post=5962"},{"taxonomy":"product_tag","embeddable":true,"href":"https:\/\/welcome-prints.com\/en\/wp-json\/wp\/v2\/product_tag?post=5962"}],"curies":[{"name":"wp","href":"https:\/\/api.w.org\/{rel}","templated":true}]}}