{"id":5959,"date":"2025-09-10T13:24:29","date_gmt":"2025-09-10T13:24:29","guid":{"rendered":"https:\/\/welcome-prints.com\/?post_type=product&#038;p=5959"},"modified":"2026-05-06T18:07:44","modified_gmt":"2026-05-06T18:07:44","slug":"anatomie-dun-point-ii","status":"publish","type":"product","link":"https:\/\/welcome-prints.com\/en\/produit\/anatomie-dun-point-ii\/","title":{"rendered":"Anatomie d&#8217;un point II"},"content":{"rendered":"<p>Gravure (pointe s\u00e8che et roulettes) imprim\u00e9e par l&#8217;artiste sur BFK Rives blanc 280g. 50x65cm.<br \/>\n\u00c9dition de 8 exemplaires.<\/p>\n","protected":false},"excerpt":{"rendered":"<p>Gravure (pointe s\u00e8che et roulettes) imprim\u00e9e par l&#8217;artiste sur BFK Rives blanc 280g. 50x65cm. \u00c9dition de 8 exemplaires.<\/p>\n","protected":false},"featured_media":6679,"template":"","meta":{"_acf_changed":false},"product_brand":[],"product_cat":[225,328,216,211,200],"product_tag":[],"class_list":{"0":"post-5959","1":"product","2":"type-product","3":"status-publish","4":"has-post-thumbnail","6":"product_cat-225","7":"product_cat-gladys-bregeon","8":"product_cat-grand","9":"product_cat-pointe-seche","10":"product_cat-portrait","12":"first","13":"instock","14":"sold-individually","15":"shipping-taxable","16":"purchasable","17":"product-type-simple"},"acf":[],"_links":{"self":[{"href":"https:\/\/welcome-prints.com\/en\/wp-json\/wp\/v2\/product\/5959","targetHints":{"allow":["GET"]}}],"collection":[{"href":"https:\/\/welcome-prints.com\/en\/wp-json\/wp\/v2\/product"}],"about":[{"href":"https:\/\/welcome-prints.com\/en\/wp-json\/wp\/v2\/types\/product"}],"wp:featuredmedia":[{"embeddable":true,"href":"https:\/\/welcome-prints.com\/en\/wp-json\/wp\/v2\/media\/6679"}],"wp:attachment":[{"href":"https:\/\/welcome-prints.com\/en\/wp-json\/wp\/v2\/media?parent=5959"}],"wp:term":[{"taxonomy":"product_brand","embeddable":true,"href":"https:\/\/welcome-prints.com\/en\/wp-json\/wp\/v2\/product_brand?post=5959"},{"taxonomy":"product_cat","embeddable":true,"href":"https:\/\/welcome-prints.com\/en\/wp-json\/wp\/v2\/product_cat?post=5959"},{"taxonomy":"product_tag","embeddable":true,"href":"https:\/\/welcome-prints.com\/en\/wp-json\/wp\/v2\/product_tag?post=5959"}],"curies":[{"name":"wp","href":"https:\/\/api.w.org\/{rel}","templated":true}]}}