{"id":5944,"date":"2025-09-08T12:54:03","date_gmt":"2025-09-08T12:54:03","guid":{"rendered":"https:\/\/welcome-prints.com\/produit\/lage-courageux\/"},"modified":"2026-04-09T15:33:48","modified_gmt":"2026-04-09T15:33:48","slug":"lage-courageux","status":"publish","type":"product","link":"https:\/\/welcome-prints.com\/en\/produit\/lage-courageux\/","title":{"rendered":"L&#8217;\u00e2ge courageux"},"content":{"rendered":"<p>Cette gravure c\u00e9l\u00e8bre l\u2019\u00e2ge courageux, celui o\u00f9 la beaut\u00e9 ne se mesure plus \u00e0 des standards, mais \u00e0 la force d\u2019\u00eatre soi.<br \/>\nValadon nous montre qu\u2019on peut \u00eatre s\u00e9duisante, enti\u00e8re, et libre, m\u00eame lorsque le corps change et que le temps a laiss\u00e9 sa marque.<\/p>\n<p>Acqu\u00e9rir cette \u0153uvre, c\u2019est inviter chez soi un rappel quotidien : la vraie beaut\u00e9 r\u00e9side dans l\u2019acceptation de soi, dans la puissance tranquille et la libert\u00e9 d\u2019exister pleinement.<br \/>\nPour toutes celles et ceux qui souhaitent honorer la force, la f\u00e9minit\u00e9 et l\u2019int\u00e9grit\u00e9 d\u2019une vie v\u00e9cue sans compromis.<\/p>\n<p>10 variantes num\u00e9rot\u00e9es 1 \u00e0 10.<\/p>\n","protected":false},"excerpt":{"rendered":"<p>Cette gravure c\u00e9l\u00e8bre l\u2019\u00e2ge courageux, celui o\u00f9 la beaut\u00e9 ne se mesure plus \u00e0 des standards, mais \u00e0 la force d\u2019\u00eatre soi. Valadon nous montre qu\u2019on peut \u00eatre s\u00e9duisante, enti\u00e8re, et libre, m\u00eame lorsque le corps change et que le temps a laiss\u00e9 sa marque. Acqu\u00e9rir cette \u0153uvre, c\u2019est inviter chez soi un rappel quotidien [&hellip;]<\/p>\n","protected":false},"featured_media":5942,"template":"","meta":{"_acf_changed":false},"product_brand":[],"product_cat":[212,196,241,214,200],"product_tag":[],"class_list":{"0":"post-5944","1":"product","2":"type-product","3":"status-publish","4":"has-post-thumbnail","6":"product_cat-212","7":"product_cat-france","8":"product_cat-laura-loriers","9":"product_cat-petit","10":"product_cat-portrait","12":"first","13":"instock","14":"sold-individually","15":"shipping-taxable","16":"purchasable","17":"product-type-simple"},"acf":[],"_links":{"self":[{"href":"https:\/\/welcome-prints.com\/en\/wp-json\/wp\/v2\/product\/5944","targetHints":{"allow":["GET"]}}],"collection":[{"href":"https:\/\/welcome-prints.com\/en\/wp-json\/wp\/v2\/product"}],"about":[{"href":"https:\/\/welcome-prints.com\/en\/wp-json\/wp\/v2\/types\/product"}],"wp:featuredmedia":[{"embeddable":true,"href":"https:\/\/welcome-prints.com\/en\/wp-json\/wp\/v2\/media\/5942"}],"wp:attachment":[{"href":"https:\/\/welcome-prints.com\/en\/wp-json\/wp\/v2\/media?parent=5944"}],"wp:term":[{"taxonomy":"product_brand","embeddable":true,"href":"https:\/\/welcome-prints.com\/en\/wp-json\/wp\/v2\/product_brand?post=5944"},{"taxonomy":"product_cat","embeddable":true,"href":"https:\/\/welcome-prints.com\/en\/wp-json\/wp\/v2\/product_cat?post=5944"},{"taxonomy":"product_tag","embeddable":true,"href":"https:\/\/welcome-prints.com\/en\/wp-json\/wp\/v2\/product_tag?post=5944"}],"curies":[{"name":"wp","href":"https:\/\/api.w.org\/{rel}","templated":true}]}}