{"id":5904,"date":"2025-09-01T13:15:44","date_gmt":"2025-09-01T13:15:44","guid":{"rendered":"https:\/\/welcome-prints.com\/produit\/la-vie-boheme\/"},"modified":"2026-04-09T17:20:09","modified_gmt":"2026-04-09T17:20:09","slug":"la-vie-boheme","status":"publish","type":"product","link":"https:\/\/welcome-prints.com\/en\/produit\/la-vie-boheme\/","title":{"rendered":"La vie boh\u00e8me"},"content":{"rendered":"<p>Cette gravure incarne le moment d\u00e9cisif o\u00f9 l\u2019on ose tout quitter pour \u00e9couter enfin sa voix int\u00e9rieure.<br \/>\nElle vous invite \u00e0 d\u00e9poser les masques, \u00e0 oublier les convenances, pour renouer avec votre part boh\u00e8me et choisir une vie qui vous ressemble.<\/p>\n<p>Acqu\u00e9rir cette \u0153uvre, c\u2019est vous offrir plus qu\u2019une image : c\u2019est un rappel quotidien que vous avez le droit de changer de cap, de ralentir, de cr\u00e9er votre propre chemin.<br \/>\nUne pr\u00e9sence pour celles et ceux qui veulent marquer une \u00e9tape de vie, honorer leur d\u00e9sir de libert\u00e9 et s\u2019accorder la permission de r\u00eaver grand.<\/p>\n<p>\ud83d\udc49 Faites entrer la vie boh\u00e8me chez vous et laissez cette \u0153uvre vous accompagner dans vos propres audaces.<\/p>\n<p>(Tir\u00e9e \u00e0 10 exemplaires)<\/p>\n","protected":false},"excerpt":{"rendered":"<p>Cette gravure incarne le moment d\u00e9cisif o\u00f9 l\u2019on ose tout quitter pour \u00e9couter enfin sa voix int\u00e9rieure. Elle vous invite \u00e0 d\u00e9poser les masques, \u00e0 oublier les convenances, pour renouer avec votre part boh\u00e8me et choisir une vie qui vous ressemble. Acqu\u00e9rir cette \u0153uvre, c\u2019est vous offrir plus qu\u2019une image : c\u2019est un rappel quotidien [&hellip;]<\/p>\n","protected":false},"featured_media":5902,"template":"","meta":{"_acf_changed":false},"product_brand":[],"product_cat":[223,196,241,228,214,200],"product_tag":[],"class_list":{"0":"post-5904","1":"product","2":"type-product","3":"status-publish","4":"has-post-thumbnail","6":"product_cat-223","7":"product_cat-france","8":"product_cat-laura-loriers","9":"product_cat-linogravure","10":"product_cat-petit","11":"product_cat-portrait","13":"first","14":"instock","15":"shipping-taxable","16":"purchasable","17":"product-type-simple"},"acf":[],"_links":{"self":[{"href":"https:\/\/welcome-prints.com\/en\/wp-json\/wp\/v2\/product\/5904","targetHints":{"allow":["GET"]}}],"collection":[{"href":"https:\/\/welcome-prints.com\/en\/wp-json\/wp\/v2\/product"}],"about":[{"href":"https:\/\/welcome-prints.com\/en\/wp-json\/wp\/v2\/types\/product"}],"wp:featuredmedia":[{"embeddable":true,"href":"https:\/\/welcome-prints.com\/en\/wp-json\/wp\/v2\/media\/5902"}],"wp:attachment":[{"href":"https:\/\/welcome-prints.com\/en\/wp-json\/wp\/v2\/media?parent=5904"}],"wp:term":[{"taxonomy":"product_brand","embeddable":true,"href":"https:\/\/welcome-prints.com\/en\/wp-json\/wp\/v2\/product_brand?post=5904"},{"taxonomy":"product_cat","embeddable":true,"href":"https:\/\/welcome-prints.com\/en\/wp-json\/wp\/v2\/product_cat?post=5904"},{"taxonomy":"product_tag","embeddable":true,"href":"https:\/\/welcome-prints.com\/en\/wp-json\/wp\/v2\/product_tag?post=5904"}],"curies":[{"name":"wp","href":"https:\/\/api.w.org\/{rel}","templated":true}]}}