{"id":5887,"date":"2025-08-12T14:20:06","date_gmt":"2025-08-12T14:20:06","guid":{"rendered":"https:\/\/welcome-prints.com\/produit\/victoire-silencieuse\/"},"modified":"2026-04-09T17:33:46","modified_gmt":"2026-04-09T17:33:46","slug":"victoire-silencieuse","status":"publish","type":"product","link":"https:\/\/welcome-prints.com\/en\/produit\/victoire-silencieuse\/","title":{"rendered":"Victoire silencieuse"},"content":{"rendered":"<p>Il y a des moments o\u00f9 les mots ne suffisent pas.<br \/>\nDes moments o\u00f9 l\u2019on sent la col\u00e8re, la tristesse, la lucidit\u00e9\u2026 mais o\u00f9 l\u2019on choisit de rester debout, silencieux.<\/p>\n<p>Victoire silencieuse parle de cet instant pr\u00e9cis : celui o\u00f9 l\u2019on refuse de se perdre dans le tumulte, o\u00f9 l\u2019on choisit de garder son int\u00e9grit\u00e9.<br \/>\nVictorine ne crie pas, mais elle r\u00e9siste.<br \/>\nElle ne r\u00e9pond pas \u00e0 la violence par la violence, mais par la force tranquille de sa v\u00e9rit\u00e9 int\u00e9rieure.<\/p>\n<p>Cette \u0153uvre est pour celles et ceux qui savent que la dignit\u00e9 peut \u00eatre une arme.<br \/>\nPour celles et ceux qui ont travers\u00e9 la temp\u00eate et qui veulent garder une trace de ce moment o\u00f9 ils ont choisi l\u2019apaisement plut\u00f4t que la d\u00e9vastation.<\/p>\n<p>Accrocher Victoire silencieuse chez soi, c\u2019est garder pr\u00e8s de soi un rappel :<br \/>\nOn peut gagner sans faire de bruit.<br \/>\nOn peut prot\u00e9ger ce qui compte sans renoncer \u00e0 soi.<\/p>\n<p>Offrez-vous Victoire silencieuse \u2014 un symbole de force int\u00e9rieure \u00e0 contempler chaque jour. Commandez votre exemplaire avant qu\u2019il ne rejoigne une autre histoire que la v\u00f4tre.<\/p>\n","protected":false},"excerpt":{"rendered":"<p>Il y a des moments o\u00f9 les mots ne suffisent pas. Des moments o\u00f9 l\u2019on sent la col\u00e8re, la tristesse, la lucidit\u00e9\u2026 mais o\u00f9 l\u2019on choisit de rester debout, silencieux. Victoire silencieuse parle de cet instant pr\u00e9cis : celui o\u00f9 l\u2019on refuse de se perdre dans le tumulte, o\u00f9 l\u2019on choisit de garder son int\u00e9grit\u00e9. [&hellip;]<\/p>\n","protected":false},"featured_media":5883,"template":"","meta":{"_acf_changed":false},"product_brand":[],"product_cat":[212,196,241,228,214,200],"product_tag":[],"class_list":{"0":"post-5887","1":"product","2":"type-product","3":"status-publish","4":"has-post-thumbnail","6":"product_cat-212","7":"product_cat-france","8":"product_cat-laura-loriers","9":"product_cat-linogravure","10":"product_cat-petit","11":"product_cat-portrait","13":"first","14":"instock","15":"sold-individually","16":"shipping-taxable","17":"purchasable","18":"product-type-simple"},"acf":[],"_links":{"self":[{"href":"https:\/\/welcome-prints.com\/en\/wp-json\/wp\/v2\/product\/5887","targetHints":{"allow":["GET"]}}],"collection":[{"href":"https:\/\/welcome-prints.com\/en\/wp-json\/wp\/v2\/product"}],"about":[{"href":"https:\/\/welcome-prints.com\/en\/wp-json\/wp\/v2\/types\/product"}],"wp:featuredmedia":[{"embeddable":true,"href":"https:\/\/welcome-prints.com\/en\/wp-json\/wp\/v2\/media\/5883"}],"wp:attachment":[{"href":"https:\/\/welcome-prints.com\/en\/wp-json\/wp\/v2\/media?parent=5887"}],"wp:term":[{"taxonomy":"product_brand","embeddable":true,"href":"https:\/\/welcome-prints.com\/en\/wp-json\/wp\/v2\/product_brand?post=5887"},{"taxonomy":"product_cat","embeddable":true,"href":"https:\/\/welcome-prints.com\/en\/wp-json\/wp\/v2\/product_cat?post=5887"},{"taxonomy":"product_tag","embeddable":true,"href":"https:\/\/welcome-prints.com\/en\/wp-json\/wp\/v2\/product_tag?post=5887"}],"curies":[{"name":"wp","href":"https:\/\/api.w.org\/{rel}","templated":true}]}}