{"id":5845,"date":"2025-07-09T13:47:54","date_gmt":"2025-07-09T13:47:54","guid":{"rendered":"https:\/\/welcome-prints.com\/produit\/rose-ephemere\/"},"modified":"2026-04-09T13:45:28","modified_gmt":"2026-04-09T13:45:28","slug":"rose-ephemere","status":"publish","type":"product","link":"https:\/\/welcome-prints.com\/en\/produit\/rose-ephemere\/","title":{"rendered":"Rose \u00e9ph\u00e9m\u00e8re"},"content":{"rendered":"<p>Ces roses, je les ai grav\u00e9es  pour celles qui savent que tout est fragile, et qui aiment quand m\u00eame.<br \/>\n Pour celles qui ont vu leur vie changer, leur corps aussi peut-\u00eatre, et qui veulent c\u00e9l\u00e9brer ce qui reste beau, m\u00eame quand \u00e7a s\u2019efface.<br \/>\nCette rose, Valadon l\u2019a peinte au bord de la fin.<br \/>\n Moi, je l\u2019ai grav\u00e9e pour vous, en hommage \u00e0 sa force et \u00e0 sa tendresse.<\/p>\n","protected":false},"excerpt":{"rendered":"<p>Ces roses, je les ai grav\u00e9es pour celles qui savent que tout est fragile, et qui aiment quand m\u00eame. Pour celles qui ont vu leur vie changer, leur corps aussi peut-\u00eatre, et qui veulent c\u00e9l\u00e9brer ce qui reste beau, m\u00eame quand \u00e7a s\u2019efface. Cette rose, Valadon l\u2019a peinte au bord de la fin. Moi, je [&hellip;]<\/p>\n","protected":false},"featured_media":5841,"template":"","meta":{"_acf_changed":false},"product_brand":[],"product_cat":[223,196,241,228,214,200],"product_tag":[],"class_list":{"0":"post-5845","1":"product","2":"type-product","3":"status-publish","4":"has-post-thumbnail","6":"product_cat-223","7":"product_cat-france","8":"product_cat-laura-loriers","9":"product_cat-linogravure","10":"product_cat-petit","11":"product_cat-portrait","13":"first","14":"instock","15":"shipping-taxable","16":"purchasable","17":"product-type-simple"},"acf":[],"_links":{"self":[{"href":"https:\/\/welcome-prints.com\/en\/wp-json\/wp\/v2\/product\/5845","targetHints":{"allow":["GET"]}}],"collection":[{"href":"https:\/\/welcome-prints.com\/en\/wp-json\/wp\/v2\/product"}],"about":[{"href":"https:\/\/welcome-prints.com\/en\/wp-json\/wp\/v2\/types\/product"}],"wp:featuredmedia":[{"embeddable":true,"href":"https:\/\/welcome-prints.com\/en\/wp-json\/wp\/v2\/media\/5841"}],"wp:attachment":[{"href":"https:\/\/welcome-prints.com\/en\/wp-json\/wp\/v2\/media?parent=5845"}],"wp:term":[{"taxonomy":"product_brand","embeddable":true,"href":"https:\/\/welcome-prints.com\/en\/wp-json\/wp\/v2\/product_brand?post=5845"},{"taxonomy":"product_cat","embeddable":true,"href":"https:\/\/welcome-prints.com\/en\/wp-json\/wp\/v2\/product_cat?post=5845"},{"taxonomy":"product_tag","embeddable":true,"href":"https:\/\/welcome-prints.com\/en\/wp-json\/wp\/v2\/product_tag?post=5845"}],"curies":[{"name":"wp","href":"https:\/\/api.w.org\/{rel}","templated":true}]}}