{"id":5815,"date":"2025-06-26T09:58:51","date_gmt":"2025-06-26T09:58:51","guid":{"rendered":"https:\/\/welcome-prints.com\/produit\/le-chemin-des-possibles\/"},"modified":"2026-04-09T11:32:49","modified_gmt":"2026-04-09T11:32:49","slug":"le-chemin-des-possibles","status":"publish","type":"product","link":"https:\/\/welcome-prints.com\/en\/produit\/le-chemin-des-possibles\/","title":{"rendered":"Le chemin des possibles."},"content":{"rendered":"<p>Et si on transmettait autre chose ?<br \/>\n Quelque chose de discret, mais charg\u00e9 de sens.<br \/>\n Cette gravure, Le chemin des possibles, parle aux c\u0153urs lucides.<br \/>\n \u00c0 celles et ceux qui tiennent les liens caboss\u00e9s avec douceur.<br \/>\n Elle dit qu\u2019on peut aimer sans tout r\u00e9soudre.<\/p>\n","protected":false},"excerpt":{"rendered":"<p>Et si on transmettait autre chose ? Quelque chose de discret, mais charg\u00e9 de sens. Cette gravure, Le chemin des possibles, parle aux c\u0153urs lucides. \u00c0 celles et ceux qui tiennent les liens caboss\u00e9s avec douceur. Elle dit qu\u2019on peut aimer sans tout r\u00e9soudre.<\/p>\n","protected":false},"featured_media":5811,"template":"","meta":{"_acf_changed":false},"product_brand":[],"product_cat":[223,196,241,228,214,200],"product_tag":[],"class_list":{"0":"post-5815","1":"product","2":"type-product","3":"status-publish","4":"has-post-thumbnail","6":"product_cat-223","7":"product_cat-france","8":"product_cat-laura-loriers","9":"product_cat-linogravure","10":"product_cat-petit","11":"product_cat-portrait","13":"first","14":"instock","15":"shipping-taxable","16":"purchasable","17":"product-type-simple"},"acf":[],"_links":{"self":[{"href":"https:\/\/welcome-prints.com\/en\/wp-json\/wp\/v2\/product\/5815","targetHints":{"allow":["GET"]}}],"collection":[{"href":"https:\/\/welcome-prints.com\/en\/wp-json\/wp\/v2\/product"}],"about":[{"href":"https:\/\/welcome-prints.com\/en\/wp-json\/wp\/v2\/types\/product"}],"wp:featuredmedia":[{"embeddable":true,"href":"https:\/\/welcome-prints.com\/en\/wp-json\/wp\/v2\/media\/5811"}],"wp:attachment":[{"href":"https:\/\/welcome-prints.com\/en\/wp-json\/wp\/v2\/media?parent=5815"}],"wp:term":[{"taxonomy":"product_brand","embeddable":true,"href":"https:\/\/welcome-prints.com\/en\/wp-json\/wp\/v2\/product_brand?post=5815"},{"taxonomy":"product_cat","embeddable":true,"href":"https:\/\/welcome-prints.com\/en\/wp-json\/wp\/v2\/product_cat?post=5815"},{"taxonomy":"product_tag","embeddable":true,"href":"https:\/\/welcome-prints.com\/en\/wp-json\/wp\/v2\/product_tag?post=5815"}],"curies":[{"name":"wp","href":"https:\/\/api.w.org\/{rel}","templated":true}]}}