{"id":5760,"date":"2025-05-31T09:57:38","date_gmt":"2025-05-31T09:57:38","guid":{"rendered":"https:\/\/welcome-prints.com\/produit\/serie-noire-5\/"},"modified":"2026-04-09T09:40:37","modified_gmt":"2026-04-09T09:40:37","slug":"serie-noire-5","status":"publish","type":"product","link":"https:\/\/welcome-prints.com\/en\/produit\/serie-noire-5\/","title":{"rendered":"&#8220;S\u00e9rie noire 5&#8221;"},"content":{"rendered":"<p>Lithographie originale imprim\u00e9e sur pierre en 10 exemplaires sur papier d&#8217;art BFK Rives .<br \/>\nUne s\u00e9rie cr\u00e9\u00e9e en 2024, comme une \u00e9nigme \u00e0 \u00e9lucider, celle de la nature observ\u00e9e et questionn\u00e9e.<br \/>\nMon intention est d\u2019\u00eatre au plus pr\u00e8s de la vie des v\u00e9g\u00e9taux en bordure de l\u2019eau, de cascades et de penser \u00e0 l\u2019\u00e9nergie de la nature.<br \/>\nLe sensible de ses situations va appara\u00eetre dans la s\u00e9rie .<\/p>\n","protected":false},"excerpt":{"rendered":"<p>Lithographie originale imprim\u00e9e sur pierre en 10 exemplaires sur papier d&#8217;art BFK Rives . Une s\u00e9rie cr\u00e9\u00e9e en 2024, comme une \u00e9nigme \u00e0 \u00e9lucider, celle de la nature observ\u00e9e et questionn\u00e9e. Mon intention est d\u2019\u00eatre au plus pr\u00e8s de la vie des v\u00e9g\u00e9taux en bordure de l\u2019eau, de cascades et de penser \u00e0 l\u2019\u00e9nergie de [&hellip;]<\/p>\n","protected":false},"featured_media":5753,"template":"","meta":{"_acf_changed":false},"product_brand":[],"product_cat":[226,193,191,213,196,204,261,215,198,195,200,197],"product_tag":[],"class_list":{"0":"post-5760","1":"product","2":"type-product","3":"status-publish","4":"has-post-thumbnail","6":"product_cat-226","7":"product_cat-annees","8":"product_cat-artistes","9":"product_cat-format","10":"product_cat-france","11":"product_cat-lithographie","12":"product_cat-martine-de-baecque","13":"product_cat-moyen","14":"product_cat-orientation","15":"product_cat-pays","16":"product_cat-portrait","17":"product_cat-technique","19":"first","20":"instock","21":"shipping-taxable","22":"purchasable","23":"product-type-simple"},"acf":[],"_links":{"self":[{"href":"https:\/\/welcome-prints.com\/en\/wp-json\/wp\/v2\/product\/5760","targetHints":{"allow":["GET"]}}],"collection":[{"href":"https:\/\/welcome-prints.com\/en\/wp-json\/wp\/v2\/product"}],"about":[{"href":"https:\/\/welcome-prints.com\/en\/wp-json\/wp\/v2\/types\/product"}],"wp:featuredmedia":[{"embeddable":true,"href":"https:\/\/welcome-prints.com\/en\/wp-json\/wp\/v2\/media\/5753"}],"wp:attachment":[{"href":"https:\/\/welcome-prints.com\/en\/wp-json\/wp\/v2\/media?parent=5760"}],"wp:term":[{"taxonomy":"product_brand","embeddable":true,"href":"https:\/\/welcome-prints.com\/en\/wp-json\/wp\/v2\/product_brand?post=5760"},{"taxonomy":"product_cat","embeddable":true,"href":"https:\/\/welcome-prints.com\/en\/wp-json\/wp\/v2\/product_cat?post=5760"},{"taxonomy":"product_tag","embeddable":true,"href":"https:\/\/welcome-prints.com\/en\/wp-json\/wp\/v2\/product_tag?post=5760"}],"curies":[{"name":"wp","href":"https:\/\/api.w.org\/{rel}","templated":true}]}}