{"id":5743,"date":"2025-05-30T11:42:26","date_gmt":"2025-05-30T11:42:26","guid":{"rendered":"https:\/\/welcome-prints.com\/produit\/vivre-cest-rever\/"},"modified":"2026-04-09T18:51:40","modified_gmt":"2026-04-09T18:51:40","slug":"vivre-cest-rever","status":"publish","type":"product","link":"https:\/\/welcome-prints.com\/en\/produit\/vivre-cest-rever\/","title":{"rendered":"Vivre, c&#8217;est r\u00eaver."},"content":{"rendered":"<p>Vous avez besoin de souffler. De vous reconnecter. De r\u00eaver, tout simplement.<br \/>\nDans un monde qui valorise la productivit\u00e9 \u00e0 outrance, vous ressentez ce tiraillement : une partie de vous aspire \u00e0 ralentir, \u00e0 contempler, \u00e0 laisser le vent vous fr\u00f4ler sans culpabilit\u00e9.<br \/>\nVous avez soif de silence, de beaut\u00e9, d\u2019images qui vous rappellent l\u2019essentiel : \u00eatre vivant.e, pas seulement fonctionner.<\/p>\n<p>\ud83d\uddbc Cette \u0153uvre est n\u00e9e de ce besoin.<br \/>\nElle rend hommage aux r\u00eaveurs et r\u00eaveuses, \u00e0 ceux qui osent encore regarder le ciel, s\u2019attarder sur une lumi\u00e8re, \u00e9couter le souffle du monde.<br \/>\nElle n\u2019est pas juste une image.<br \/>\nC\u2019est un manifeste doux et silencieux, un rappel quotidien que le r\u00eave est un droit, pas un luxe.<\/p>\n<p>En l\u2019accrochant chez vous, vous cr\u00e9ez un refuge. Un espace o\u00f9 vous avez la permission de ralentir, de ressentir, de vous souvenir que l\u2019imaginaire est une force, pas une fuite.<br \/>\nC\u2019est un geste intime, presque politique : dire oui au vivant, oui \u00e0 votre rythme int\u00e9rieur.<\/p>\n<p>\ud83d\udc9b Vous n\u2019achetez pas juste une gravure.<br \/>\nVous offrez \u00e0 votre quotidien une respiration.<br \/>\nEt \u00e0 votre \u00e2me, un ancrage dans ce qui vous rend profond\u00e9ment humain.e.<\/p>\n","protected":false},"excerpt":{"rendered":"<p>Vous avez besoin de souffler. De vous reconnecter. De r\u00eaver, tout simplement. Dans un monde qui valorise la productivit\u00e9 \u00e0 outrance, vous ressentez ce tiraillement : une partie de vous aspire \u00e0 ralentir, \u00e0 contempler, \u00e0 laisser le vent vous fr\u00f4ler sans culpabilit\u00e9. Vous avez soif de silence, de beaut\u00e9, d\u2019images qui vous rappellent l\u2019essentiel [&hellip;]<\/p>\n","protected":false},"featured_media":5739,"template":"","meta":{"_acf_changed":false},"product_brand":[],"product_cat":[212,196,241,228,214,200],"product_tag":[],"class_list":{"0":"post-5743","1":"product","2":"type-product","3":"status-publish","4":"has-post-thumbnail","6":"product_cat-212","7":"product_cat-france","8":"product_cat-laura-loriers","9":"product_cat-linogravure","10":"product_cat-petit","11":"product_cat-portrait","13":"first","14":"instock","15":"shipping-taxable","16":"purchasable","17":"product-type-simple"},"acf":[],"_links":{"self":[{"href":"https:\/\/welcome-prints.com\/en\/wp-json\/wp\/v2\/product\/5743","targetHints":{"allow":["GET"]}}],"collection":[{"href":"https:\/\/welcome-prints.com\/en\/wp-json\/wp\/v2\/product"}],"about":[{"href":"https:\/\/welcome-prints.com\/en\/wp-json\/wp\/v2\/types\/product"}],"wp:featuredmedia":[{"embeddable":true,"href":"https:\/\/welcome-prints.com\/en\/wp-json\/wp\/v2\/media\/5739"}],"wp:attachment":[{"href":"https:\/\/welcome-prints.com\/en\/wp-json\/wp\/v2\/media?parent=5743"}],"wp:term":[{"taxonomy":"product_brand","embeddable":true,"href":"https:\/\/welcome-prints.com\/en\/wp-json\/wp\/v2\/product_brand?post=5743"},{"taxonomy":"product_cat","embeddable":true,"href":"https:\/\/welcome-prints.com\/en\/wp-json\/wp\/v2\/product_cat?post=5743"},{"taxonomy":"product_tag","embeddable":true,"href":"https:\/\/welcome-prints.com\/en\/wp-json\/wp\/v2\/product_tag?post=5743"}],"curies":[{"name":"wp","href":"https:\/\/api.w.org\/{rel}","templated":true}]}}