{"id":5650,"date":"2025-05-07T12:20:45","date_gmt":"2025-05-07T12:20:45","guid":{"rendered":"https:\/\/welcome-prints.com\/produit\/le-gardien-des-arts\/"},"modified":"2026-04-09T19:23:37","modified_gmt":"2026-04-09T19:23:37","slug":"le-gardien-des-arts","status":"publish","type":"product","link":"https:\/\/welcome-prints.com\/en\/produit\/le-gardien-des-arts\/","title":{"rendered":"Le Gardien des Arts"},"content":{"rendered":"<p>Pour celles et ceux qui prot\u00e8gent les r\u00eaves sans bruit.<br \/>\nCette gravure est un hommage aux gardiens de l\u2019essentiel \u2014 ceux qui veillent, dans l\u2019ombre, \u00e0 ce que la cr\u00e9ation ait un espace pour exister. Si vous sentez en vous cette force calme, cette exigence discr\u00e8te pour la beaut\u00e9, l\u2019art et la libert\u00e9, alors Louis est votre reflet. Accroch\u00e9 chez vous, il vous rappellera chaque jour que derri\u00e8re chaque \u00e9lan artistique, il y a une pr\u00e9sence forte et silencieuse qui permet \u00e0 la vie de s\u2019inventer.<\/p>\n<p>&#8220;Louis para\u00eet \u00eatre un homme s\u00e9rieux et s\u00e9v\u00e8re.<br \/>\nSon regard et son costume ne laissent trahir aucune sensibilit\u00e9.<br \/>\nPourtant, il g\u00e8re un des lieux les plus branch\u00e9s de la sc\u00e8ne parisienne durant les ann\u00e9es folles.<br \/>\nTous les musiciens, les artistes et les intellectuels aimaient s\u2019y retrouver pour cr\u00e9er, exp\u00e9rimenter et f\u00eater la vie.<br \/>\nLouis semble indiff\u00e9rent \u00e0 la frivolit\u00e9 qui se d\u00e9roule dans son dos mais ne vous y trompez pas. Il prot\u00e8ge ce nouveau monde. Il a conscience de la fragilit\u00e9 de la vie et  filtre les intrus, ceux qui pourraient mettre en danger l\u2019avant-garde.<br \/>\nIl prend la cr\u00e9ation trop au s\u00e9rieux pour la r\u00e9duire \u00e0 un passe-temps. En v\u00e9ritable ange-gardien, il \u0153uvre pour que les artistes puissent cr\u00e9er et s\u2019exprimer librement.  &#8221;<\/p>\n<p>Accueillir Louis chez vous, c\u2019est affirmer que l\u2019art m\u00e9rite d\u2019\u00eatre prot\u00e9g\u00e9, que la cr\u00e9ation est un acte s\u00e9rieux \u2014 et que vous en \u00eates, vous aussi, le garant.<\/p>\n","protected":false},"excerpt":{"rendered":"<p>Pour celles et ceux qui prot\u00e8gent les r\u00eaves sans bruit. Cette gravure est un hommage aux gardiens de l\u2019essentiel \u2014 ceux qui veillent, dans l\u2019ombre, \u00e0 ce que la cr\u00e9ation ait un espace pour exister. Si vous sentez en vous cette force calme, cette exigence discr\u00e8te pour la beaut\u00e9, l\u2019art et la libert\u00e9, alors Louis [&hellip;]<\/p>\n","protected":false},"featured_media":5646,"template":"","meta":{"_acf_changed":false},"product_brand":[],"product_cat":[223,196,241,214,200],"product_tag":[],"class_list":{"0":"post-5650","1":"product","2":"type-product","3":"status-publish","4":"has-post-thumbnail","6":"product_cat-223","7":"product_cat-france","8":"product_cat-laura-loriers","9":"product_cat-petit","10":"product_cat-portrait","12":"first","13":"instock","14":"shipping-taxable","15":"purchasable","16":"product-type-simple"},"acf":[],"_links":{"self":[{"href":"https:\/\/welcome-prints.com\/en\/wp-json\/wp\/v2\/product\/5650","targetHints":{"allow":["GET"]}}],"collection":[{"href":"https:\/\/welcome-prints.com\/en\/wp-json\/wp\/v2\/product"}],"about":[{"href":"https:\/\/welcome-prints.com\/en\/wp-json\/wp\/v2\/types\/product"}],"wp:featuredmedia":[{"embeddable":true,"href":"https:\/\/welcome-prints.com\/en\/wp-json\/wp\/v2\/media\/5646"}],"wp:attachment":[{"href":"https:\/\/welcome-prints.com\/en\/wp-json\/wp\/v2\/media?parent=5650"}],"wp:term":[{"taxonomy":"product_brand","embeddable":true,"href":"https:\/\/welcome-prints.com\/en\/wp-json\/wp\/v2\/product_brand?post=5650"},{"taxonomy":"product_cat","embeddable":true,"href":"https:\/\/welcome-prints.com\/en\/wp-json\/wp\/v2\/product_cat?post=5650"},{"taxonomy":"product_tag","embeddable":true,"href":"https:\/\/welcome-prints.com\/en\/wp-json\/wp\/v2\/product_tag?post=5650"}],"curies":[{"name":"wp","href":"https:\/\/api.w.org\/{rel}","templated":true}]}}