{"id":5639,"date":"2025-05-05T09:38:33","date_gmt":"2025-05-05T09:38:33","guid":{"rendered":"https:\/\/welcome-prints.com\/produit\/nid-fait-nid-a-faire\/"},"modified":"2026-04-09T15:05:59","modified_gmt":"2026-04-09T15:05:59","slug":"nid-fait-nid-a-faire","status":"publish","type":"product","link":"https:\/\/welcome-prints.com\/en\/produit\/nid-fait-nid-a-faire\/","title":{"rendered":"Nid fait, nid \u00e0 faire"},"content":{"rendered":"<p>Gravure sign\u00e9e et num\u00e9rot\u00e9e \u00e0 25 exemplaires<br \/>\nExiste en 2 versions : bleu outremer\/vert et s\u00e9pia naturelle\/sanguine<br \/>\nPapier Rosaspina blanc, Fabriano 285g<br \/>\nVendue non encadr\u00e9e<\/p>\n","protected":false},"excerpt":{"rendered":"<p>Gravure sign\u00e9e et num\u00e9rot\u00e9e \u00e0 25 exemplaires Existe en 2 versions : bleu outremer\/vert et s\u00e9pia naturelle\/sanguine Papier Rosaspina blanc, Fabriano 285g Vendue non encadr\u00e9e<\/p>\n","protected":false},"featured_media":5635,"template":"","meta":{"_acf_changed":false},"product_brand":[],"product_cat":[291,206,202,210,196,215,316,248,259],"product_tag":[],"class_list":{"0":"post-5639","1":"product","2":"type-product","3":"status-publish","4":"has-post-thumbnail","6":"product_cat-291","7":"product_cat-aquatinte","8":"product_cat-carre","9":"product_cat-eau-forte","10":"product_cat-france","11":"product_cat-moyen","12":"product_cat-pauline-carlioz","13":"product_cat-techniques-mixtes","14":"product_cat-vernis-mou","16":"first","17":"instock","18":"shipping-taxable","19":"purchasable","20":"product-type-simple"},"acf":[],"_links":{"self":[{"href":"https:\/\/welcome-prints.com\/en\/wp-json\/wp\/v2\/product\/5639","targetHints":{"allow":["GET"]}}],"collection":[{"href":"https:\/\/welcome-prints.com\/en\/wp-json\/wp\/v2\/product"}],"about":[{"href":"https:\/\/welcome-prints.com\/en\/wp-json\/wp\/v2\/types\/product"}],"wp:featuredmedia":[{"embeddable":true,"href":"https:\/\/welcome-prints.com\/en\/wp-json\/wp\/v2\/media\/5635"}],"wp:attachment":[{"href":"https:\/\/welcome-prints.com\/en\/wp-json\/wp\/v2\/media?parent=5639"}],"wp:term":[{"taxonomy":"product_brand","embeddable":true,"href":"https:\/\/welcome-prints.com\/en\/wp-json\/wp\/v2\/product_brand?post=5639"},{"taxonomy":"product_cat","embeddable":true,"href":"https:\/\/welcome-prints.com\/en\/wp-json\/wp\/v2\/product_cat?post=5639"},{"taxonomy":"product_tag","embeddable":true,"href":"https:\/\/welcome-prints.com\/en\/wp-json\/wp\/v2\/product_tag?post=5639"}],"curies":[{"name":"wp","href":"https:\/\/api.w.org\/{rel}","templated":true}]}}