{"id":4036,"date":"2025-04-25T13:01:42","date_gmt":"2025-04-25T13:01:42","guid":{"rendered":"https:\/\/welcome-prints.com\/produit\/triptyque-night-birds\/"},"modified":"2026-04-09T13:46:12","modified_gmt":"2026-04-09T13:46:12","slug":"triptyque-night-birds","status":"publish","type":"product","link":"https:\/\/welcome-prints.com\/en\/produit\/triptyque-night-birds\/","title":{"rendered":"triptyque night birds"},"content":{"rendered":"<p>Tirage argentique sur base de gravure, d\u00e9velopp\u00e9 avec le laboratoire : Le Sel \u00e0 paris.<br \/>\nTirage limit\u00e9 \u00e0 4 exemplaires.<br \/>\nExp\u00e9di\u00e9 avec un cadre en bois noir.<\/p>\n","protected":false},"excerpt":{"rendered":"<p>Tirage argentique sur base de gravure, d\u00e9velopp\u00e9 avec le laboratoire : Le Sel \u00e0 paris. Tirage limit\u00e9 \u00e0 4 exemplaires. Exp\u00e9di\u00e9 avec un cadre en bois noir.<\/p>\n","protected":false},"featured_media":4034,"template":"","meta":{"_acf_changed":false},"product_brand":[],"product_cat":[291,193,314,191,196,215,198,195,200,197,248],"product_tag":[],"class_list":{"0":"post-4036","1":"product","2":"type-product","3":"status-publish","4":"has-post-thumbnail","6":"product_cat-291","7":"product_cat-annees","8":"product_cat-arthur-capmas","9":"product_cat-artistes","10":"product_cat-france","11":"product_cat-moyen","12":"product_cat-orientation","13":"product_cat-pays","14":"product_cat-portrait","15":"product_cat-technique","16":"product_cat-techniques-mixtes","18":"first","19":"instock","20":"shipping-taxable","21":"purchasable","22":"product-type-simple"},"acf":[],"_links":{"self":[{"href":"https:\/\/welcome-prints.com\/en\/wp-json\/wp\/v2\/product\/4036","targetHints":{"allow":["GET"]}}],"collection":[{"href":"https:\/\/welcome-prints.com\/en\/wp-json\/wp\/v2\/product"}],"about":[{"href":"https:\/\/welcome-prints.com\/en\/wp-json\/wp\/v2\/types\/product"}],"wp:featuredmedia":[{"embeddable":true,"href":"https:\/\/welcome-prints.com\/en\/wp-json\/wp\/v2\/media\/4034"}],"wp:attachment":[{"href":"https:\/\/welcome-prints.com\/en\/wp-json\/wp\/v2\/media?parent=4036"}],"wp:term":[{"taxonomy":"product_brand","embeddable":true,"href":"https:\/\/welcome-prints.com\/en\/wp-json\/wp\/v2\/product_brand?post=4036"},{"taxonomy":"product_cat","embeddable":true,"href":"https:\/\/welcome-prints.com\/en\/wp-json\/wp\/v2\/product_cat?post=4036"},{"taxonomy":"product_tag","embeddable":true,"href":"https:\/\/welcome-prints.com\/en\/wp-json\/wp\/v2\/product_tag?post=4036"}],"curies":[{"name":"wp","href":"https:\/\/api.w.org\/{rel}","templated":true}]}}