{"id":4031,"date":"2025-04-24T16:40:08","date_gmt":"2025-04-24T16:40:08","guid":{"rendered":"https:\/\/welcome-prints.com\/produit\/night-bird\/"},"modified":"2026-04-09T20:34:07","modified_gmt":"2026-04-09T20:34:07","slug":"night-bird","status":"publish","type":"product","link":"https:\/\/welcome-prints.com\/en\/produit\/night-bird\/","title":{"rendered":"Night bird"},"content":{"rendered":"<p>Tirage argentique sur base de gravure, d\u00e9velopp\u00e9 avec le laboratoire : Le Sel \u00e0 paris.<br \/>\nTirage limit\u00e9 \u00e0 3 exemplaires.<br \/>\nExp\u00e9di\u00e9 avec un cadre en bois.<\/p>\n","protected":false},"excerpt":{"rendered":"<p>Tirage argentique sur base de gravure, d\u00e9velopp\u00e9 avec le laboratoire : Le Sel \u00e0 paris. Tirage limit\u00e9 \u00e0 3 exemplaires. Exp\u00e9di\u00e9 avec un cadre en bois.<\/p>\n","protected":false},"featured_media":4032,"template":"","meta":{"_acf_changed":false},"product_brand":[],"product_cat":[291,193,314,191,213,196,198,195,201,214,197,248],"product_tag":[],"class_list":{"0":"post-4031","1":"product","2":"type-product","3":"status-publish","4":"has-post-thumbnail","6":"product_cat-291","7":"product_cat-annees","8":"product_cat-arthur-capmas","9":"product_cat-artistes","10":"product_cat-format","11":"product_cat-france","12":"product_cat-orientation","13":"product_cat-pays","14":"product_cat-paysage","15":"product_cat-petit","16":"product_cat-technique","17":"product_cat-techniques-mixtes","19":"first","20":"instock","21":"shipping-taxable","22":"purchasable","23":"product-type-simple"},"acf":[],"_links":{"self":[{"href":"https:\/\/welcome-prints.com\/en\/wp-json\/wp\/v2\/product\/4031","targetHints":{"allow":["GET"]}}],"collection":[{"href":"https:\/\/welcome-prints.com\/en\/wp-json\/wp\/v2\/product"}],"about":[{"href":"https:\/\/welcome-prints.com\/en\/wp-json\/wp\/v2\/types\/product"}],"wp:featuredmedia":[{"embeddable":true,"href":"https:\/\/welcome-prints.com\/en\/wp-json\/wp\/v2\/media\/4032"}],"wp:attachment":[{"href":"https:\/\/welcome-prints.com\/en\/wp-json\/wp\/v2\/media?parent=4031"}],"wp:term":[{"taxonomy":"product_brand","embeddable":true,"href":"https:\/\/welcome-prints.com\/en\/wp-json\/wp\/v2\/product_brand?post=4031"},{"taxonomy":"product_cat","embeddable":true,"href":"https:\/\/welcome-prints.com\/en\/wp-json\/wp\/v2\/product_cat?post=4031"},{"taxonomy":"product_tag","embeddable":true,"href":"https:\/\/welcome-prints.com\/en\/wp-json\/wp\/v2\/product_tag?post=4031"}],"curies":[{"name":"wp","href":"https:\/\/api.w.org\/{rel}","templated":true}]}}