{"id":4018,"date":"2025-05-14T16:23:39","date_gmt":"2025-05-14T16:23:39","guid":{"rendered":"https:\/\/welcome-prints.com\/?post_type=product&#038;p=4018"},"modified":"2026-04-09T15:29:06","modified_gmt":"2026-04-09T15:29:06","slug":"les-freres-lumiere-et-leur-soeur-incognito-iv","status":"publish","type":"product","link":"https:\/\/welcome-prints.com\/en\/produit\/les-freres-lumiere-et-leur-soeur-incognito-iv\/","title":{"rendered":"Les fr\u00e8res Lumi\u00e8re (et leur s\u0153ur), incognito IV"},"content":{"rendered":"<p>S\u00e9rigraphie 3 couleurs sur papier blanc Fabriano. S\u00e9rie \u201cFratries\u201d. Tirage unique.<\/p>\n","protected":false},"excerpt":{"rendered":"<p>S\u00e9rigraphie 3 couleurs sur papier blanc Fabriano. S\u00e9rie \u201cFratries\u201d. Tirage unique.<\/p>\n","protected":false},"featured_media":4044,"template":"","meta":{"_acf_changed":false},"product_brand":[],"product_cat":[223,320,196,216,200,205],"product_tag":[],"class_list":{"0":"post-4018","1":"product","2":"type-product","3":"status-publish","4":"has-post-thumbnail","6":"product_cat-223","7":"product_cat-aude-cotelli","8":"product_cat-france","9":"product_cat-grand","10":"product_cat-portrait","11":"product_cat-serigraphie","13":"first","14":"instock","15":"shipping-taxable","16":"purchasable","17":"product-type-simple"},"acf":[],"_links":{"self":[{"href":"https:\/\/welcome-prints.com\/en\/wp-json\/wp\/v2\/product\/4018","targetHints":{"allow":["GET"]}}],"collection":[{"href":"https:\/\/welcome-prints.com\/en\/wp-json\/wp\/v2\/product"}],"about":[{"href":"https:\/\/welcome-prints.com\/en\/wp-json\/wp\/v2\/types\/product"}],"wp:featuredmedia":[{"embeddable":true,"href":"https:\/\/welcome-prints.com\/en\/wp-json\/wp\/v2\/media\/4044"}],"wp:attachment":[{"href":"https:\/\/welcome-prints.com\/en\/wp-json\/wp\/v2\/media?parent=4018"}],"wp:term":[{"taxonomy":"product_brand","embeddable":true,"href":"https:\/\/welcome-prints.com\/en\/wp-json\/wp\/v2\/product_brand?post=4018"},{"taxonomy":"product_cat","embeddable":true,"href":"https:\/\/welcome-prints.com\/en\/wp-json\/wp\/v2\/product_cat?post=4018"},{"taxonomy":"product_tag","embeddable":true,"href":"https:\/\/welcome-prints.com\/en\/wp-json\/wp\/v2\/product_tag?post=4018"}],"curies":[{"name":"wp","href":"https:\/\/api.w.org\/{rel}","templated":true}]}}