{"id":4016,"date":"2025-05-14T16:29:23","date_gmt":"2025-05-14T16:29:23","guid":{"rendered":"https:\/\/welcome-prints.com\/?post_type=product&#038;p=4016"},"modified":"2026-04-10T01:21:48","modified_gmt":"2026-04-10T01:21:48","slug":"le-passage-de-la-comete","status":"publish","type":"product","link":"https:\/\/welcome-prints.com\/en\/produit\/le-passage-de-la-comete\/","title":{"rendered":"Le passage de la com\u00e8te"},"content":{"rendered":"<p>S\u00e9rigraphie 1 couleur en d\u00e9grad\u00e9 sur carte de navigation ancienne. Tirage unique.<\/p>\n","protected":false},"excerpt":{"rendered":"<p>S\u00e9rigraphie 1 couleur en d\u00e9grad\u00e9 sur carte de navigation ancienne. Tirage unique.<\/p>\n","protected":false},"featured_media":4040,"template":"","meta":{"_acf_changed":false},"product_brand":[],"product_cat":[225,320,196,215,201,205],"product_tag":[],"class_list":{"0":"post-4016","1":"product","2":"type-product","3":"status-publish","4":"has-post-thumbnail","6":"product_cat-225","7":"product_cat-aude-cotelli","8":"product_cat-france","9":"product_cat-moyen","10":"product_cat-paysage","11":"product_cat-serigraphie","13":"first","14":"instock","15":"shipping-taxable","16":"purchasable","17":"product-type-simple"},"acf":[],"_links":{"self":[{"href":"https:\/\/welcome-prints.com\/en\/wp-json\/wp\/v2\/product\/4016","targetHints":{"allow":["GET"]}}],"collection":[{"href":"https:\/\/welcome-prints.com\/en\/wp-json\/wp\/v2\/product"}],"about":[{"href":"https:\/\/welcome-prints.com\/en\/wp-json\/wp\/v2\/types\/product"}],"wp:featuredmedia":[{"embeddable":true,"href":"https:\/\/welcome-prints.com\/en\/wp-json\/wp\/v2\/media\/4040"}],"wp:attachment":[{"href":"https:\/\/welcome-prints.com\/en\/wp-json\/wp\/v2\/media?parent=4016"}],"wp:term":[{"taxonomy":"product_brand","embeddable":true,"href":"https:\/\/welcome-prints.com\/en\/wp-json\/wp\/v2\/product_brand?post=4016"},{"taxonomy":"product_cat","embeddable":true,"href":"https:\/\/welcome-prints.com\/en\/wp-json\/wp\/v2\/product_cat?post=4016"},{"taxonomy":"product_tag","embeddable":true,"href":"https:\/\/welcome-prints.com\/en\/wp-json\/wp\/v2\/product_tag?post=4016"}],"curies":[{"name":"wp","href":"https:\/\/api.w.org\/{rel}","templated":true}]}}