{"id":4004,"date":"2025-04-24T12:41:58","date_gmt":"2025-04-24T12:41:58","guid":{"rendered":"https:\/\/welcome-prints.com\/produit\/triptyque-de-butineurs\/"},"modified":"2026-05-06T15:57:25","modified_gmt":"2026-05-06T15:57:25","slug":"triptyque-de-butineurs","status":"publish","type":"product","link":"https:\/\/welcome-prints.com\/en\/produit\/triptyque-de-butineurs\/","title":{"rendered":"triptyque de butineurs"},"content":{"rendered":"<p>Gravure sur zinc.<br \/>\nS\u00e9rie limit\u00e9e \u00e0 15 tirages.<br \/>\nPress\u00e9 sur papier 300g.<\/p>\n","protected":false},"excerpt":{"rendered":"<p>Gravure sur zinc. S\u00e9rie limit\u00e9e \u00e0 15 tirages. Press\u00e9 sur papier 300g.<\/p>\n","protected":false},"featured_media":4003,"template":"","meta":{"_acf_changed":false},"product_brand":[],"product_cat":[291,193,314,191,213,196,215,198,195,201,211,197],"product_tag":[],"class_list":{"0":"post-4004","1":"product","2":"type-product","3":"status-publish","4":"has-post-thumbnail","6":"product_cat-291","7":"product_cat-annees","8":"product_cat-arthur-capmas","9":"product_cat-artistes","10":"product_cat-format","11":"product_cat-france","12":"product_cat-moyen","13":"product_cat-orientation","14":"product_cat-pays","15":"product_cat-paysage","16":"product_cat-pointe-seche","17":"product_cat-technique","19":"first","20":"instock","21":"shipping-taxable","22":"purchasable","23":"product-type-simple"},"acf":[],"_links":{"self":[{"href":"https:\/\/welcome-prints.com\/en\/wp-json\/wp\/v2\/product\/4004","targetHints":{"allow":["GET"]}}],"collection":[{"href":"https:\/\/welcome-prints.com\/en\/wp-json\/wp\/v2\/product"}],"about":[{"href":"https:\/\/welcome-prints.com\/en\/wp-json\/wp\/v2\/types\/product"}],"wp:featuredmedia":[{"embeddable":true,"href":"https:\/\/welcome-prints.com\/en\/wp-json\/wp\/v2\/media\/4003"}],"wp:attachment":[{"href":"https:\/\/welcome-prints.com\/en\/wp-json\/wp\/v2\/media?parent=4004"}],"wp:term":[{"taxonomy":"product_brand","embeddable":true,"href":"https:\/\/welcome-prints.com\/en\/wp-json\/wp\/v2\/product_brand?post=4004"},{"taxonomy":"product_cat","embeddable":true,"href":"https:\/\/welcome-prints.com\/en\/wp-json\/wp\/v2\/product_cat?post=4004"},{"taxonomy":"product_tag","embeddable":true,"href":"https:\/\/welcome-prints.com\/en\/wp-json\/wp\/v2\/product_tag?post=4004"}],"curies":[{"name":"wp","href":"https:\/\/api.w.org\/{rel}","templated":true}]}}