{"id":3996,"date":"2025-04-24T12:13:46","date_gmt":"2025-04-24T12:13:46","guid":{"rendered":"https:\/\/welcome-prints.com\/produit\/flying-bird-n3\/"},"modified":"2026-04-09T17:06:51","modified_gmt":"2026-04-09T17:06:51","slug":"flying-bird-n3","status":"publish","type":"product","link":"https:\/\/welcome-prints.com\/en\/produit\/flying-bird-n3\/","title":{"rendered":"Flying bird n\u00b03"},"content":{"rendered":"<p>Gravure sur zinc.<br \/>\nS\u00e9rie limit\u00e9e \u00e0 15 tirages.<br \/>\nPress\u00e9 sur papier 300g.<br \/>\nExp\u00e9di\u00e9 dans un cadre bois.<\/p>\n","protected":false},"excerpt":{"rendered":"<p>Gravure sur zinc. S\u00e9rie limit\u00e9e \u00e0 15 tirages. Press\u00e9 sur papier 300g. Exp\u00e9di\u00e9 dans un cadre bois.<\/p>\n","protected":false},"featured_media":3998,"template":"","meta":{"_acf_changed":false},"product_brand":[],"product_cat":[291,193,314,191,213,196,198,195,201,214,211,197],"product_tag":[],"class_list":{"0":"post-3996","1":"product","2":"type-product","3":"status-publish","4":"has-post-thumbnail","6":"product_cat-291","7":"product_cat-annees","8":"product_cat-arthur-capmas","9":"product_cat-artistes","10":"product_cat-format","11":"product_cat-france","12":"product_cat-orientation","13":"product_cat-pays","14":"product_cat-paysage","15":"product_cat-petit","16":"product_cat-pointe-seche","17":"product_cat-technique","19":"first","20":"instock","21":"shipping-taxable","22":"purchasable","23":"product-type-simple"},"acf":[],"_links":{"self":[{"href":"https:\/\/welcome-prints.com\/en\/wp-json\/wp\/v2\/product\/3996","targetHints":{"allow":["GET"]}}],"collection":[{"href":"https:\/\/welcome-prints.com\/en\/wp-json\/wp\/v2\/product"}],"about":[{"href":"https:\/\/welcome-prints.com\/en\/wp-json\/wp\/v2\/types\/product"}],"wp:featuredmedia":[{"embeddable":true,"href":"https:\/\/welcome-prints.com\/en\/wp-json\/wp\/v2\/media\/3998"}],"wp:attachment":[{"href":"https:\/\/welcome-prints.com\/en\/wp-json\/wp\/v2\/media?parent=3996"}],"wp:term":[{"taxonomy":"product_brand","embeddable":true,"href":"https:\/\/welcome-prints.com\/en\/wp-json\/wp\/v2\/product_brand?post=3996"},{"taxonomy":"product_cat","embeddable":true,"href":"https:\/\/welcome-prints.com\/en\/wp-json\/wp\/v2\/product_cat?post=3996"},{"taxonomy":"product_tag","embeddable":true,"href":"https:\/\/welcome-prints.com\/en\/wp-json\/wp\/v2\/product_tag?post=3996"}],"curies":[{"name":"wp","href":"https:\/\/api.w.org\/{rel}","templated":true}]}}