{"id":3938,"date":"2025-04-22T21:19:21","date_gmt":"2025-04-22T21:19:21","guid":{"rendered":"https:\/\/welcome-prints.com\/produit\/plantes-et-reveil\/"},"modified":"2026-04-09T15:51:09","modified_gmt":"2026-04-09T15:51:09","slug":"plantes-et-reveil","status":"publish","type":"product","link":"https:\/\/welcome-prints.com\/en\/produit\/plantes-et-reveil\/","title":{"rendered":"plantes et r\u00e9veil."},"content":{"rendered":"<p>Gravure pointe-s\u00e8che sur plexiglass tir\u00e9 sur papier lisse 200gr<br \/>\n1\/5<\/p>\n","protected":false},"excerpt":{"rendered":"<p>Gravure pointe-s\u00e8che sur plexiglass tir\u00e9 sur papier lisse 200gr 1\/5<\/p>\n","protected":false},"featured_media":3906,"template":"","meta":{"_acf_changed":false},"product_brand":[],"product_cat":[291,196,319,215,211,200],"product_tag":[],"class_list":{"0":"post-3938","1":"product","2":"type-product","3":"status-publish","4":"has-post-thumbnail","6":"product_cat-291","7":"product_cat-france","8":"product_cat-leorice-cecite","9":"product_cat-moyen","10":"product_cat-pointe-seche","11":"product_cat-portrait","13":"first","14":"instock","15":"shipping-taxable","16":"purchasable","17":"product-type-simple"},"acf":[],"_links":{"self":[{"href":"https:\/\/welcome-prints.com\/en\/wp-json\/wp\/v2\/product\/3938","targetHints":{"allow":["GET"]}}],"collection":[{"href":"https:\/\/welcome-prints.com\/en\/wp-json\/wp\/v2\/product"}],"about":[{"href":"https:\/\/welcome-prints.com\/en\/wp-json\/wp\/v2\/types\/product"}],"wp:featuredmedia":[{"embeddable":true,"href":"https:\/\/welcome-prints.com\/en\/wp-json\/wp\/v2\/media\/3906"}],"wp:attachment":[{"href":"https:\/\/welcome-prints.com\/en\/wp-json\/wp\/v2\/media?parent=3938"}],"wp:term":[{"taxonomy":"product_brand","embeddable":true,"href":"https:\/\/welcome-prints.com\/en\/wp-json\/wp\/v2\/product_brand?post=3938"},{"taxonomy":"product_cat","embeddable":true,"href":"https:\/\/welcome-prints.com\/en\/wp-json\/wp\/v2\/product_cat?post=3938"},{"taxonomy":"product_tag","embeddable":true,"href":"https:\/\/welcome-prints.com\/en\/wp-json\/wp\/v2\/product_tag?post=3938"}],"curies":[{"name":"wp","href":"https:\/\/api.w.org\/{rel}","templated":true}]}}