{"id":3873,"date":"2025-04-22T20:11:45","date_gmt":"2025-04-22T20:11:45","guid":{"rendered":"https:\/\/welcome-prints.com\/?post_type=product&#038;p=3873"},"modified":"2026-04-09T17:08:05","modified_gmt":"2026-04-09T17:08:05","slug":"flying-bird-n2","status":"publish","type":"product","link":"https:\/\/welcome-prints.com\/en\/produit\/flying-bird-n2\/","title":{"rendered":"Flying bird n\u00b02"},"content":{"rendered":"<p>Gravure sur cuivre.<br \/>\nS\u00e9rie limit\u00e9e \u00e0 15 tirages.<br \/>\nPress\u00e9 sur papier Arches et rehauss\u00e9 \u00e0 l&#8217;aquarelle.<br \/>\nExp\u00e9di\u00e9 dans un cadre bois.<\/p>\n","protected":false},"excerpt":{"rendered":"<p>Gravure sur cuivre. S\u00e9rie limit\u00e9e \u00e0 15 tirages. Press\u00e9 sur papier Arches et rehauss\u00e9 \u00e0 l&#8217;aquarelle. Exp\u00e9di\u00e9 dans un cadre bois.<\/p>\n","protected":false},"featured_media":3974,"template":"","meta":{"_acf_changed":false},"product_brand":[],"product_cat":[291,193,314,191,213,195,201,214,211,197],"product_tag":[],"class_list":{"0":"post-3873","1":"product","2":"type-product","3":"status-publish","4":"has-post-thumbnail","6":"product_cat-291","7":"product_cat-annees","8":"product_cat-arthur-capmas","9":"product_cat-artistes","10":"product_cat-format","11":"product_cat-pays","12":"product_cat-paysage","13":"product_cat-petit","14":"product_cat-pointe-seche","15":"product_cat-technique","17":"first","18":"instock","19":"shipping-taxable","20":"purchasable","21":"product-type-simple"},"acf":[],"_links":{"self":[{"href":"https:\/\/welcome-prints.com\/en\/wp-json\/wp\/v2\/product\/3873","targetHints":{"allow":["GET"]}}],"collection":[{"href":"https:\/\/welcome-prints.com\/en\/wp-json\/wp\/v2\/product"}],"about":[{"href":"https:\/\/welcome-prints.com\/en\/wp-json\/wp\/v2\/types\/product"}],"wp:featuredmedia":[{"embeddable":true,"href":"https:\/\/welcome-prints.com\/en\/wp-json\/wp\/v2\/media\/3974"}],"wp:attachment":[{"href":"https:\/\/welcome-prints.com\/en\/wp-json\/wp\/v2\/media?parent=3873"}],"wp:term":[{"taxonomy":"product_brand","embeddable":true,"href":"https:\/\/welcome-prints.com\/en\/wp-json\/wp\/v2\/product_brand?post=3873"},{"taxonomy":"product_cat","embeddable":true,"href":"https:\/\/welcome-prints.com\/en\/wp-json\/wp\/v2\/product_cat?post=3873"},{"taxonomy":"product_tag","embeddable":true,"href":"https:\/\/welcome-prints.com\/en\/wp-json\/wp\/v2\/product_tag?post=3873"}],"curies":[{"name":"wp","href":"https:\/\/api.w.org\/{rel}","templated":true}]}}