{"id":3867,"date":"2025-04-22T19:45:44","date_gmt":"2025-04-22T19:45:44","guid":{"rendered":"https:\/\/welcome-prints.com\/produit\/flying-bird\/"},"modified":"2026-04-09T19:46:06","modified_gmt":"2026-04-09T19:46:06","slug":"flying-bird","status":"publish","type":"product","link":"https:\/\/welcome-prints.com\/en\/produit\/flying-bird\/","title":{"rendered":"Flying bird"},"content":{"rendered":"<p>Gravure sur cuivre.<br \/>\nS\u00e9rie limit\u00e9e \u00e0 15 tirages.<br \/>\nPress\u00e9 sur papier Arches et rehauss\u00e9 \u00e0 l&#8217;aquarelle.<br \/>\nExp\u00e9di\u00e9 dans un cadre bois.<\/p>\n","protected":false},"excerpt":{"rendered":"<p>Gravure sur cuivre. S\u00e9rie limit\u00e9e \u00e0 15 tirages. Press\u00e9 sur papier Arches et rehauss\u00e9 \u00e0 l&#8217;aquarelle. Exp\u00e9di\u00e9 dans un cadre bois.<\/p>\n","protected":false},"featured_media":3976,"template":"","meta":{"_acf_changed":false},"product_brand":[],"product_cat":[291,193,314,191,213,196,198,195,201,214,211],"product_tag":[],"class_list":{"0":"post-3867","1":"product","2":"type-product","3":"status-publish","4":"has-post-thumbnail","6":"product_cat-291","7":"product_cat-annees","8":"product_cat-arthur-capmas","9":"product_cat-artistes","10":"product_cat-format","11":"product_cat-france","12":"product_cat-orientation","13":"product_cat-pays","14":"product_cat-paysage","15":"product_cat-petit","16":"product_cat-pointe-seche","18":"first","19":"instock","20":"shipping-taxable","21":"purchasable","22":"product-type-simple"},"acf":[],"_links":{"self":[{"href":"https:\/\/welcome-prints.com\/en\/wp-json\/wp\/v2\/product\/3867","targetHints":{"allow":["GET"]}}],"collection":[{"href":"https:\/\/welcome-prints.com\/en\/wp-json\/wp\/v2\/product"}],"about":[{"href":"https:\/\/welcome-prints.com\/en\/wp-json\/wp\/v2\/types\/product"}],"wp:featuredmedia":[{"embeddable":true,"href":"https:\/\/welcome-prints.com\/en\/wp-json\/wp\/v2\/media\/3976"}],"wp:attachment":[{"href":"https:\/\/welcome-prints.com\/en\/wp-json\/wp\/v2\/media?parent=3867"}],"wp:term":[{"taxonomy":"product_brand","embeddable":true,"href":"https:\/\/welcome-prints.com\/en\/wp-json\/wp\/v2\/product_brand?post=3867"},{"taxonomy":"product_cat","embeddable":true,"href":"https:\/\/welcome-prints.com\/en\/wp-json\/wp\/v2\/product_cat?post=3867"},{"taxonomy":"product_tag","embeddable":true,"href":"https:\/\/welcome-prints.com\/en\/wp-json\/wp\/v2\/product_tag?post=3867"}],"curies":[{"name":"wp","href":"https:\/\/api.w.org\/{rel}","templated":true}]}}