{"id":3858,"date":"2025-04-16T16:23:46","date_gmt":"2025-04-16T16:23:46","guid":{"rendered":"https:\/\/welcome-prints.com\/produit\/la-resistante\/"},"modified":"2026-04-09T21:10:52","modified_gmt":"2026-04-09T21:10:52","slug":"la-resistante","status":"publish","type":"product","link":"https:\/\/welcome-prints.com\/en\/produit\/la-resistante\/","title":{"rendered":"La r\u00e9sistante"},"content":{"rendered":"<p>Gravure inspir\u00e9e par les mythes fondateurs\u2026 et les femmes qui ne s\u2019y reconnaissent plus.<br \/>\n\u00c0 offrir \u00e0 une femme forte.<br \/>\nOu \u00e0 soi-m\u00eame, pour se rappeler que l\u2019on peut \u00eatre belle, brillante\u2026 et indomptable.<br \/>\n_________<br \/>\nQuand elle \u00e9tait plus jeune, sa grand-m\u00e8re lui avait cont\u00e9 le mythe de Pygmalion. Cela l\u2019avait boulevers\u00e9.<br \/>\nDepuis ce jour, elle aussi \u00e0 force de s\u2019\u00e9chiner, elle a atteint son id\u00e9al, une silhouette parfaite.<br \/>\nSes courbes lui donnent une allure \u00e9clatante.<br \/>\nPourtant, elle ne veut pas \u00eatre r\u00e9duite \u00e0 son charme.<br \/>\nElle ne veut pas que sa s\u00e9duction devienne son principal atout.<br \/>\nD\u2019ailleurs, elle m\u00e9prise tous ceux qui s\u2019arr\u00eatent \u00e0 sa beaut\u00e9 insolente et \u00e0 son corps sculptural.<br \/>\nUne femme peut-elle \u00eatre davantage que la marionnette du d\u00e9sir ?<br \/>\nPour elle, la r\u00e9ponse ne fait aucun doute. Elle marche sur une peau de panth\u00e8re pour se moquer des symboles. Les soieries et satins ne sont qu\u2019une tenue de camouflage.<br \/>\nIls cachent sa mentalit\u00e9 de guerri\u00e8re.<br \/>\nLes coups la blessent mais ne diminuent pas sa solidit\u00e9.<br \/>\nQuoi qu\u2019il advienne, elle r\u00e9sistera.<\/p>\n","protected":false},"excerpt":{"rendered":"<p>Gravure inspir\u00e9e par les mythes fondateurs\u2026 et les femmes qui ne s\u2019y reconnaissent plus. \u00c0 offrir \u00e0 une femme forte. Ou \u00e0 soi-m\u00eame, pour se rappeler que l\u2019on peut \u00eatre belle, brillante\u2026 et indomptable. _________ Quand elle \u00e9tait plus jeune, sa grand-m\u00e8re lui avait cont\u00e9 le mythe de Pygmalion. Cela l\u2019avait boulevers\u00e9. Depuis ce jour, [&hellip;]<\/p>\n","protected":false},"featured_media":3857,"template":"","meta":{"_acf_changed":false},"product_brand":[],"product_cat":[212,196,241,228,214,200],"product_tag":[],"class_list":{"0":"post-3858","1":"product","2":"type-product","3":"status-publish","4":"has-post-thumbnail","6":"product_cat-212","7":"product_cat-france","8":"product_cat-laura-loriers","9":"product_cat-linogravure","10":"product_cat-petit","11":"product_cat-portrait","13":"first","14":"instock","15":"shipping-taxable","16":"purchasable","17":"product-type-simple"},"acf":[],"_links":{"self":[{"href":"https:\/\/welcome-prints.com\/en\/wp-json\/wp\/v2\/product\/3858","targetHints":{"allow":["GET"]}}],"collection":[{"href":"https:\/\/welcome-prints.com\/en\/wp-json\/wp\/v2\/product"}],"about":[{"href":"https:\/\/welcome-prints.com\/en\/wp-json\/wp\/v2\/types\/product"}],"wp:featuredmedia":[{"embeddable":true,"href":"https:\/\/welcome-prints.com\/en\/wp-json\/wp\/v2\/media\/3857"}],"wp:attachment":[{"href":"https:\/\/welcome-prints.com\/en\/wp-json\/wp\/v2\/media?parent=3858"}],"wp:term":[{"taxonomy":"product_brand","embeddable":true,"href":"https:\/\/welcome-prints.com\/en\/wp-json\/wp\/v2\/product_brand?post=3858"},{"taxonomy":"product_cat","embeddable":true,"href":"https:\/\/welcome-prints.com\/en\/wp-json\/wp\/v2\/product_cat?post=3858"},{"taxonomy":"product_tag","embeddable":true,"href":"https:\/\/welcome-prints.com\/en\/wp-json\/wp\/v2\/product_tag?post=3858"}],"curies":[{"name":"wp","href":"https:\/\/api.w.org\/{rel}","templated":true}]}}