{"id":3855,"date":"2025-04-16T13:05:13","date_gmt":"2025-04-16T13:05:13","guid":{"rendered":"https:\/\/welcome-prints.com\/produit\/vivre-pleinement\/"},"modified":"2026-04-09T17:46:37","modified_gmt":"2026-04-09T17:46:37","slug":"vivre-pleinement","status":"publish","type":"product","link":"https:\/\/welcome-prints.com\/en\/produit\/vivre-pleinement\/","title":{"rendered":"Vivre pleinement"},"content":{"rendered":"<p>Une gravure pour celles et ceux qui, comme Suzanne Valadon, d\u00e9cident un jour de se regarder autrement.<br \/>\nQui choisissent d\u2019honorer leur histoire plut\u00f4t que de la regretter.<br \/>\nDe voir la beaut\u00e9 dans les plis du temps, la force dans les cicatrices.<br \/>\nCette \u0153uvre n\u2019est pas une d\u00e9coration.<br \/>\nC\u2019est un rappel. Un souffle.<br \/>\nCelui qui murmure chaque matin :<br \/>\nTu es vivant.e. Et c\u2019est d\u00e9j\u00e0 immense.<\/p>\n<p>__________________<\/p>\n<p>Comme d\u2019habitude, Suzanne se regarde dans le miroir.<br \/>\nPourtant, aujourd\u2019hui elle se voit enfin telle qu\u2019elle est.<br \/>\nMieux vaut tard que jamais !<br \/>\nCela fait 63 ans qu\u2019elle s\u2019observait sans s\u2019appr\u00e9cier.<br \/>\nCoinc\u00e9e dans ses succ\u00e8s pass\u00e9s, elle n\u2019acceptait de voir sa beaut\u00e9 fan\u00e9e.<br \/>\nJusqu\u2019\u00e0 ce matin.<br \/>\nAujourd\u2019hui, elle per\u00e7oit le charme de son visage sculpt\u00e9 par les ann\u00e9es.<br \/>\nAujourd\u2019hui, elle per\u00e7oit son \u00e2me fortifi\u00e9e par ses chagrins pass\u00e9s.<br \/>\nAujourd\u2019hui, elle per\u00e7oit la tendresse cach\u00e9e sous ses traits aust\u00e8res.<br \/>\nComme d\u2019habitude, Suzanne se regarde dans le miroir.<br \/>\nPourtant, c\u2019est la premi\u00e8re fois qu\u2019elle se trouve belle !<br \/>\n\u00c0 la veille de sa mort elle pourra donc murmurer fi\u00e8rement :<br \/>\n \u00ab J\u2019ai assez v\u00e9cu. J\u2019ai eu une belle vie. Tr\u00e8s triste \u00bb<\/p>\n","protected":false},"excerpt":{"rendered":"<p>Une gravure pour celles et ceux qui, comme Suzanne Valadon, d\u00e9cident un jour de se regarder autrement. Qui choisissent d\u2019honorer leur histoire plut\u00f4t que de la regretter. De voir la beaut\u00e9 dans les plis du temps, la force dans les cicatrices. Cette \u0153uvre n\u2019est pas une d\u00e9coration. C\u2019est un rappel. Un souffle. Celui qui murmure [&hellip;]<\/p>\n","protected":false},"featured_media":3854,"template":"","meta":{"_acf_changed":false},"product_brand":[],"product_cat":[223,196,241,228,214,200],"product_tag":[],"class_list":{"0":"post-3855","1":"product","2":"type-product","3":"status-publish","4":"has-post-thumbnail","6":"product_cat-223","7":"product_cat-france","8":"product_cat-laura-loriers","9":"product_cat-linogravure","10":"product_cat-petit","11":"product_cat-portrait","13":"first","14":"instock","15":"shipping-taxable","16":"purchasable","17":"product-type-simple"},"acf":[],"_links":{"self":[{"href":"https:\/\/welcome-prints.com\/en\/wp-json\/wp\/v2\/product\/3855","targetHints":{"allow":["GET"]}}],"collection":[{"href":"https:\/\/welcome-prints.com\/en\/wp-json\/wp\/v2\/product"}],"about":[{"href":"https:\/\/welcome-prints.com\/en\/wp-json\/wp\/v2\/types\/product"}],"wp:featuredmedia":[{"embeddable":true,"href":"https:\/\/welcome-prints.com\/en\/wp-json\/wp\/v2\/media\/3854"}],"wp:attachment":[{"href":"https:\/\/welcome-prints.com\/en\/wp-json\/wp\/v2\/media?parent=3855"}],"wp:term":[{"taxonomy":"product_brand","embeddable":true,"href":"https:\/\/welcome-prints.com\/en\/wp-json\/wp\/v2\/product_brand?post=3855"},{"taxonomy":"product_cat","embeddable":true,"href":"https:\/\/welcome-prints.com\/en\/wp-json\/wp\/v2\/product_cat?post=3855"},{"taxonomy":"product_tag","embeddable":true,"href":"https:\/\/welcome-prints.com\/en\/wp-json\/wp\/v2\/product_tag?post=3855"}],"curies":[{"name":"wp","href":"https:\/\/api.w.org\/{rel}","templated":true}]}}