{"id":3804,"date":"2025-03-21T09:32:09","date_gmt":"2025-03-21T09:32:09","guid":{"rendered":"https:\/\/welcome-prints.com\/?post_type=product&#038;p=3804"},"modified":"2026-04-09T20:22:04","modified_gmt":"2026-04-09T20:22:04","slug":"sen-balancer","status":"publish","type":"product","link":"https:\/\/welcome-prints.com\/en\/produit\/sen-balancer\/","title":{"rendered":"S&#8217;en balancer"},"content":{"rendered":"<p>Eau-forte sign\u00e9e et num\u00e9rot\u00e9e \u00e0 25 exemplaires<br \/>\nPapier Hahnem\u00fchle blanc 230g<br \/>\nVendue non encadr\u00e9e<\/p>\n","protected":false},"excerpt":{"rendered":"<p>Eau-forte sign\u00e9e et num\u00e9rot\u00e9e \u00e0 25 exemplaires Papier Hahnem\u00fchle blanc 230g Vendue non encadr\u00e9e<\/p>\n","protected":false},"featured_media":3799,"template":"","meta":{"_acf_changed":false},"product_brand":[],"product_cat":[226,206,210,196,317,228,215,316,200,248],"product_tag":[],"class_list":{"0":"post-3804","1":"product","2":"type-product","3":"status-publish","4":"has-post-thumbnail","6":"product_cat-226","7":"product_cat-aquatinte","8":"product_cat-eau-forte","9":"product_cat-france","10":"product_cat-gaufrage","11":"product_cat-linogravure","12":"product_cat-moyen","13":"product_cat-pauline-carlioz","14":"product_cat-portrait","15":"product_cat-techniques-mixtes","17":"first","18":"instock","19":"shipping-taxable","20":"purchasable","21":"product-type-simple"},"acf":[],"_links":{"self":[{"href":"https:\/\/welcome-prints.com\/en\/wp-json\/wp\/v2\/product\/3804","targetHints":{"allow":["GET"]}}],"collection":[{"href":"https:\/\/welcome-prints.com\/en\/wp-json\/wp\/v2\/product"}],"about":[{"href":"https:\/\/welcome-prints.com\/en\/wp-json\/wp\/v2\/types\/product"}],"wp:featuredmedia":[{"embeddable":true,"href":"https:\/\/welcome-prints.com\/en\/wp-json\/wp\/v2\/media\/3799"}],"wp:attachment":[{"href":"https:\/\/welcome-prints.com\/en\/wp-json\/wp\/v2\/media?parent=3804"}],"wp:term":[{"taxonomy":"product_brand","embeddable":true,"href":"https:\/\/welcome-prints.com\/en\/wp-json\/wp\/v2\/product_brand?post=3804"},{"taxonomy":"product_cat","embeddable":true,"href":"https:\/\/welcome-prints.com\/en\/wp-json\/wp\/v2\/product_cat?post=3804"},{"taxonomy":"product_tag","embeddable":true,"href":"https:\/\/welcome-prints.com\/en\/wp-json\/wp\/v2\/product_tag?post=3804"}],"curies":[{"name":"wp","href":"https:\/\/api.w.org\/{rel}","templated":true}]}}