{"id":3797,"date":"2025-03-21T09:31:16","date_gmt":"2025-03-21T09:31:16","guid":{"rendered":"https:\/\/welcome-prints.com\/?post_type=product&#038;p=3797"},"modified":"2026-04-09T13:04:47","modified_gmt":"2026-04-09T13:04:47","slug":"daphnis-nerii","status":"publish","type":"product","link":"https:\/\/welcome-prints.com\/en\/produit\/daphnis-nerii\/","title":{"rendered":"Daphnis nerii"},"content":{"rendered":"<p>Linogravure sign\u00e9e et num\u00e9rot\u00e9e \u00e0 20 exemplaires<br \/>\nTechnique de la plaque perdue : la matrice est regrav\u00e9e en cours de travail, aucun autre tirage n&#8217;est possible par la suite.<br \/>\nD\u00e9tails rehauss\u00e9s \u00e0 l&#8217;acrylique<br \/>\nPapier Rosaspina blanc de Fabriano 285g<br \/>\nVendue non encadr\u00e9e<\/p>\n","protected":false},"excerpt":{"rendered":"<p>Linogravure sign\u00e9e et num\u00e9rot\u00e9e \u00e0 20 exemplaires Technique de la plaque perdue : la matrice est regrav\u00e9e en cours de travail, aucun autre tirage n&#8217;est possible par la suite. D\u00e9tails rehauss\u00e9s \u00e0 l&#8217;acrylique Papier Rosaspina blanc de Fabriano 285g Vendue non encadr\u00e9e<\/p>\n","protected":false},"featured_media":3796,"template":"","meta":{"_acf_changed":false},"product_brand":[],"product_cat":[226,228,215,316,201,248],"product_tag":[],"class_list":{"0":"post-3797","1":"product","2":"type-product","3":"status-publish","4":"has-post-thumbnail","6":"product_cat-226","7":"product_cat-linogravure","8":"product_cat-moyen","9":"product_cat-pauline-carlioz","10":"product_cat-paysage","11":"product_cat-techniques-mixtes","13":"first","14":"instock","15":"shipping-taxable","16":"purchasable","17":"product-type-simple"},"acf":[],"_links":{"self":[{"href":"https:\/\/welcome-prints.com\/en\/wp-json\/wp\/v2\/product\/3797","targetHints":{"allow":["GET"]}}],"collection":[{"href":"https:\/\/welcome-prints.com\/en\/wp-json\/wp\/v2\/product"}],"about":[{"href":"https:\/\/welcome-prints.com\/en\/wp-json\/wp\/v2\/types\/product"}],"wp:featuredmedia":[{"embeddable":true,"href":"https:\/\/welcome-prints.com\/en\/wp-json\/wp\/v2\/media\/3796"}],"wp:attachment":[{"href":"https:\/\/welcome-prints.com\/en\/wp-json\/wp\/v2\/media?parent=3797"}],"wp:term":[{"taxonomy":"product_brand","embeddable":true,"href":"https:\/\/welcome-prints.com\/en\/wp-json\/wp\/v2\/product_brand?post=3797"},{"taxonomy":"product_cat","embeddable":true,"href":"https:\/\/welcome-prints.com\/en\/wp-json\/wp\/v2\/product_cat?post=3797"},{"taxonomy":"product_tag","embeddable":true,"href":"https:\/\/welcome-prints.com\/en\/wp-json\/wp\/v2\/product_tag?post=3797"}],"curies":[{"name":"wp","href":"https:\/\/api.w.org\/{rel}","templated":true}]}}