{"id":3795,"date":"2025-03-21T09:32:58","date_gmt":"2025-03-21T09:32:58","guid":{"rendered":"https:\/\/welcome-prints.com\/?post_type=product&#038;p=3795"},"modified":"2026-04-09T13:13:37","modified_gmt":"2026-04-09T13:13:37","slug":"thalassa","status":"publish","type":"product","link":"https:\/\/welcome-prints.com\/en\/produit\/thalassa\/","title":{"rendered":"Thalassa"},"content":{"rendered":"<p>Gravure sign\u00e9e et num\u00e9rot\u00e9e \u00e0 25 exemplaires<br \/>\nPapier Rosaspina blanc, Fabriano 285g<br \/>\nVendue non encadr\u00e9e<\/p>\n","protected":false},"excerpt":{"rendered":"<p>Gravure sign\u00e9e et num\u00e9rot\u00e9e \u00e0 25 exemplaires Papier Rosaspina blanc, Fabriano 285g Vendue non encadr\u00e9e<\/p>\n","protected":false},"featured_media":3792,"template":"","meta":{"_acf_changed":false},"product_brand":[],"product_cat":[226,206,202,210,196,215,316],"product_tag":[],"class_list":{"0":"post-3795","1":"product","2":"type-product","3":"status-publish","4":"has-post-thumbnail","6":"product_cat-226","7":"product_cat-aquatinte","8":"product_cat-carre","9":"product_cat-eau-forte","10":"product_cat-france","11":"product_cat-moyen","12":"product_cat-pauline-carlioz","14":"first","15":"instock","16":"shipping-taxable","17":"purchasable","18":"product-type-simple"},"acf":[],"_links":{"self":[{"href":"https:\/\/welcome-prints.com\/en\/wp-json\/wp\/v2\/product\/3795","targetHints":{"allow":["GET"]}}],"collection":[{"href":"https:\/\/welcome-prints.com\/en\/wp-json\/wp\/v2\/product"}],"about":[{"href":"https:\/\/welcome-prints.com\/en\/wp-json\/wp\/v2\/types\/product"}],"wp:featuredmedia":[{"embeddable":true,"href":"https:\/\/welcome-prints.com\/en\/wp-json\/wp\/v2\/media\/3792"}],"wp:attachment":[{"href":"https:\/\/welcome-prints.com\/en\/wp-json\/wp\/v2\/media?parent=3795"}],"wp:term":[{"taxonomy":"product_brand","embeddable":true,"href":"https:\/\/welcome-prints.com\/en\/wp-json\/wp\/v2\/product_brand?post=3795"},{"taxonomy":"product_cat","embeddable":true,"href":"https:\/\/welcome-prints.com\/en\/wp-json\/wp\/v2\/product_cat?post=3795"},{"taxonomy":"product_tag","embeddable":true,"href":"https:\/\/welcome-prints.com\/en\/wp-json\/wp\/v2\/product_tag?post=3795"}],"curies":[{"name":"wp","href":"https:\/\/api.w.org\/{rel}","templated":true}]}}