{"id":3785,"date":"2025-03-20T16:21:42","date_gmt":"2025-03-20T16:21:42","guid":{"rendered":"https:\/\/welcome-prints.com\/?post_type=product&#038;p=3785"},"modified":"2026-04-09T21:09:06","modified_gmt":"2026-04-09T21:09:06","slug":"les-demoiselles","status":"publish","type":"product","link":"https:\/\/welcome-prints.com\/en\/produit\/les-demoiselles\/","title":{"rendered":"Les demoiselles"},"content":{"rendered":"<p>Gravure sign\u00e9e et num\u00e9rot\u00e9e \u00e0 25 exemplaires<br \/>\nPapier Hahnem\u00fcehle blanc 300g<br \/>\nVendue non encadr\u00e9e<\/p>\n","protected":false},"excerpt":{"rendered":"<p>Gravure sign\u00e9e et num\u00e9rot\u00e9e \u00e0 25 exemplaires Papier Hahnem\u00fcehle blanc 300g Vendue non encadr\u00e9e<\/p>\n","protected":false},"featured_media":3781,"template":"","meta":{"_acf_changed":false},"product_brand":[],"product_cat":[226,206,196,317,215,316,200,248,259],"product_tag":[],"class_list":{"0":"post-3785","1":"product","2":"type-product","3":"status-publish","4":"has-post-thumbnail","6":"product_cat-226","7":"product_cat-aquatinte","8":"product_cat-france","9":"product_cat-gaufrage","10":"product_cat-moyen","11":"product_cat-pauline-carlioz","12":"product_cat-portrait","13":"product_cat-techniques-mixtes","14":"product_cat-vernis-mou","16":"first","17":"instock","18":"shipping-taxable","19":"purchasable","20":"product-type-simple"},"acf":[],"_links":{"self":[{"href":"https:\/\/welcome-prints.com\/en\/wp-json\/wp\/v2\/product\/3785","targetHints":{"allow":["GET"]}}],"collection":[{"href":"https:\/\/welcome-prints.com\/en\/wp-json\/wp\/v2\/product"}],"about":[{"href":"https:\/\/welcome-prints.com\/en\/wp-json\/wp\/v2\/types\/product"}],"wp:featuredmedia":[{"embeddable":true,"href":"https:\/\/welcome-prints.com\/en\/wp-json\/wp\/v2\/media\/3781"}],"wp:attachment":[{"href":"https:\/\/welcome-prints.com\/en\/wp-json\/wp\/v2\/media?parent=3785"}],"wp:term":[{"taxonomy":"product_brand","embeddable":true,"href":"https:\/\/welcome-prints.com\/en\/wp-json\/wp\/v2\/product_brand?post=3785"},{"taxonomy":"product_cat","embeddable":true,"href":"https:\/\/welcome-prints.com\/en\/wp-json\/wp\/v2\/product_cat?post=3785"},{"taxonomy":"product_tag","embeddable":true,"href":"https:\/\/welcome-prints.com\/en\/wp-json\/wp\/v2\/product_tag?post=3785"}],"curies":[{"name":"wp","href":"https:\/\/api.w.org\/{rel}","templated":true}]}}