{"id":3761,"date":"2025-03-03T21:13:44","date_gmt":"2025-03-03T21:13:44","guid":{"rendered":"https:\/\/welcome-prints.com\/produit\/sans-titre-15\/"},"modified":"2026-04-09T11:28:30","modified_gmt":"2026-04-09T11:28:30","slug":"sans-titre-15","status":"publish","type":"product","link":"https:\/\/welcome-prints.com\/en\/produit\/sans-titre-15\/","title":{"rendered":"Sans titre"},"content":{"rendered":"<p>Lithographie originale sur papier Fabriano 220g<br \/>\n\u00c9dition num\u00e9rot\u00e9e 1\/1 (Chaque lithographie est aquarell\u00e9e \u00e0 la main)<br \/>\n35 \u00d7 25 cm<br \/>\nSign\u00e9e et num\u00e9rot\u00e9e au crayon par l&#8217;artiste, tampon sec de l&#8217;atelier<\/p>\n<p>Lithographie de l&#8217;artiste Franck Omer. A noter qu&#8217;elle est not\u00e9e 1\/1. En effet, le noir a \u00e9t\u00e9 effectu\u00e9 en lithographie alors que les couleurs ont \u00e9t\u00e9 pos\u00e9 \u00e0 l&#8217;aquarelle directement \u00e0 la main. Ainsi, sur 12 tirages initiaux chaque lithographie est diff\u00e9rente des autres.<\/p>\n<p>Franck Omer est peintre et illustrateur, il vit \u00e0 Marseille. Ses cr\u00e9ations sont tr\u00e8s influenc\u00e9es par les cultures de l&#8217;imaginaire, les arts singuliers et l&#8217;art outsider.<\/p>\n<p>Dessinateur, peintre \u00e0 l&#8217;huile, aquarelliste, il a aussi dessin\u00e9 et \u00e9crit pour l&#8217;illustration jeunesse. Aujourd&#8217;hui, sa production artistique est orient\u00e9e vers la peinture et la c\u00e9ramique. Il a notamment \u00e9t\u00e9 \u00e9dit\u00e9 par les Editions du Dernier Cri.<\/p>\n","protected":false},"excerpt":{"rendered":"<p>Lithographie originale sur papier Fabriano 220g \u00c9dition num\u00e9rot\u00e9e 1\/1 (Chaque lithographie est aquarell\u00e9e \u00e0 la main) 35 \u00d7 25 cm Sign\u00e9e et num\u00e9rot\u00e9e au crayon par l&#8217;artiste, tampon sec de l&#8217;atelier Lithographie de l&#8217;artiste Franck Omer. A noter qu&#8217;elle est not\u00e9e 1\/1. En effet, le noir a \u00e9t\u00e9 effectu\u00e9 en lithographie alors que les couleurs [&hellip;]<\/p>\n","protected":false},"featured_media":3758,"template":"","meta":{"_acf_changed":false},"product_brand":[],"product_cat":[225,193,191,213,196,308,204,215,327,198,195,200,197,248,192],"product_tag":[],"class_list":{"0":"post-3761","1":"product","2":"type-product","3":"status-publish","4":"has-post-thumbnail","6":"product_cat-225","7":"product_cat-annees","8":"product_cat-artistes","9":"product_cat-format","10":"product_cat-france","11":"product_cat-franck-omer","12":"product_cat-lithographie","13":"product_cat-moyen","14":"product_cat-non-categorise","15":"product_cat-orientation","16":"product_cat-pays","17":"product_cat-portrait","18":"product_cat-technique","19":"product_cat-techniques-mixtes","20":"product_cat-un-artiste","22":"first","23":"instock","24":"shipping-taxable","25":"purchasable","26":"product-type-simple"},"acf":[],"_links":{"self":[{"href":"https:\/\/welcome-prints.com\/en\/wp-json\/wp\/v2\/product\/3761","targetHints":{"allow":["GET"]}}],"collection":[{"href":"https:\/\/welcome-prints.com\/en\/wp-json\/wp\/v2\/product"}],"about":[{"href":"https:\/\/welcome-prints.com\/en\/wp-json\/wp\/v2\/types\/product"}],"wp:featuredmedia":[{"embeddable":true,"href":"https:\/\/welcome-prints.com\/en\/wp-json\/wp\/v2\/media\/3758"}],"wp:attachment":[{"href":"https:\/\/welcome-prints.com\/en\/wp-json\/wp\/v2\/media?parent=3761"}],"wp:term":[{"taxonomy":"product_brand","embeddable":true,"href":"https:\/\/welcome-prints.com\/en\/wp-json\/wp\/v2\/product_brand?post=3761"},{"taxonomy":"product_cat","embeddable":true,"href":"https:\/\/welcome-prints.com\/en\/wp-json\/wp\/v2\/product_cat?post=3761"},{"taxonomy":"product_tag","embeddable":true,"href":"https:\/\/welcome-prints.com\/en\/wp-json\/wp\/v2\/product_tag?post=3761"}],"curies":[{"name":"wp","href":"https:\/\/api.w.org\/{rel}","templated":true}]}}