{"id":3757,"date":"2025-03-03T21:04:39","date_gmt":"2025-03-03T21:04:39","guid":{"rendered":"https:\/\/welcome-prints.com\/produit\/cheval-2\/"},"modified":"2026-04-09T20:16:24","modified_gmt":"2026-04-09T20:16:24","slug":"cheval-2","status":"publish","type":"product","link":"https:\/\/welcome-prints.com\/en\/produit\/cheval-2\/","title":{"rendered":"Cheval 2"},"content":{"rendered":"<p>Lithographie originale sur papier Fabriano 220g<br \/>\n\u00c9dition num\u00e9rot\u00e9e \u00e0 16 exemplaires<br \/>\n50 \u00d7 35 cm<br \/>\nSign\u00e9e et num\u00e9rot\u00e9e au crayon par l&#8217;artiste, tampon sec de l&#8217;atelier<\/p>\n<p>Caroline Sury est la fondatrice avec Pakito Bolino de la maison d&#8217;\u00e9dition du Dernier Cri, sp\u00e9cialis\u00e9e dans l&#8217;image subversive et graphique. Figure majeure de ce mouvement, toujours \u00e0 la fronti\u00e8re du Street-Art et de l&#8217;Art Brut, elle a a son actif une dizaine de BD (sa derni\u00e8re &#8220;Un matin avec Mademoiselle Latarte&#8221; a fait partie de la selection officielle du Festival BD d&#8217;Angoul\u00eame 2020) ainsi que de nombreux dessins publi\u00e9s autant dans des revues sp\u00e9cialis\u00e9es (Lapin, Strapazin, Ferraille&#8230;) que dans des grands quotidiens (Lib\u00e9ration, Le Monde&#8230;).<\/p>\n<p>Son travail est tour \u00e0 tour r\u00e9aliste, symboliste, expressif, souvent cru et volontiers provocant. Son trait &#8220;nerveux et foutraque est particuli\u00e8rement ancr\u00e9 dans les affres du quotidien&#8221;. N\u00e9e \u00e0 Laval, elle vit et travaille aujourd&#8217;hui \u00e0 Marseille, apr\u00e8s \u00eatre pass\u00e9 par New-York et Paris.<\/p>\n<p>Elle travaille le plus souvent \u00e0 la plume directement sur papier. Une autre de ses techniques de cr\u00e9ation, les papiers d\u00e9coup\u00e9s, lui a valu de nombreuses expositions comme par exemple en 2019 pour les Rencontres du 9\u00e8me art \u00e0 Aix-en-Provence.<\/p>\n","protected":false},"excerpt":{"rendered":"<p>Lithographie originale sur papier Fabriano 220g \u00c9dition num\u00e9rot\u00e9e \u00e0 16 exemplaires 50 \u00d7 35 cm Sign\u00e9e et num\u00e9rot\u00e9e au crayon par l&#8217;artiste, tampon sec de l&#8217;atelier Caroline Sury est la fondatrice avec Pakito Bolino de la maison d&#8217;\u00e9dition du Dernier Cri, sp\u00e9cialis\u00e9e dans l&#8217;image subversive et graphique. Figure majeure de ce mouvement, toujours \u00e0 la [&hellip;]<\/p>\n","protected":false},"featured_media":3756,"template":"","meta":{"_acf_changed":false},"product_brand":[],"product_cat":[225,193,191,310,213,196,216,204,327,198,195,200,197,192],"product_tag":[],"class_list":{"0":"post-3757","1":"product","2":"type-product","3":"status-publish","4":"has-post-thumbnail","6":"product_cat-225","7":"product_cat-annees","8":"product_cat-artistes","9":"product_cat-caroline-sury","10":"product_cat-format","11":"product_cat-france","12":"product_cat-grand","13":"product_cat-lithographie","14":"product_cat-non-categorise","15":"product_cat-orientation","16":"product_cat-pays","17":"product_cat-portrait","18":"product_cat-technique","19":"product_cat-un-artiste","21":"first","22":"instock","23":"shipping-taxable","24":"purchasable","25":"product-type-simple"},"acf":[],"_links":{"self":[{"href":"https:\/\/welcome-prints.com\/en\/wp-json\/wp\/v2\/product\/3757","targetHints":{"allow":["GET"]}}],"collection":[{"href":"https:\/\/welcome-prints.com\/en\/wp-json\/wp\/v2\/product"}],"about":[{"href":"https:\/\/welcome-prints.com\/en\/wp-json\/wp\/v2\/types\/product"}],"wp:featuredmedia":[{"embeddable":true,"href":"https:\/\/welcome-prints.com\/en\/wp-json\/wp\/v2\/media\/3756"}],"wp:attachment":[{"href":"https:\/\/welcome-prints.com\/en\/wp-json\/wp\/v2\/media?parent=3757"}],"wp:term":[{"taxonomy":"product_brand","embeddable":true,"href":"https:\/\/welcome-prints.com\/en\/wp-json\/wp\/v2\/product_brand?post=3757"},{"taxonomy":"product_cat","embeddable":true,"href":"https:\/\/welcome-prints.com\/en\/wp-json\/wp\/v2\/product_cat?post=3757"},{"taxonomy":"product_tag","embeddable":true,"href":"https:\/\/welcome-prints.com\/en\/wp-json\/wp\/v2\/product_tag?post=3757"}],"curies":[{"name":"wp","href":"https:\/\/api.w.org\/{rel}","templated":true}]}}