{"id":3753,"date":"2025-03-03T20:36:25","date_gmt":"2025-03-03T20:36:25","guid":{"rendered":"https:\/\/welcome-prints.com\/produit\/susumu\/"},"modified":"2026-04-09T17:32:33","modified_gmt":"2026-04-09T17:32:33","slug":"susumu","status":"publish","type":"product","link":"https:\/\/welcome-prints.com\/en\/produit\/susumu\/","title":{"rendered":"Susumu"},"content":{"rendered":"<p>Lithographie originale sur papier Fabriano 220g<br \/>\n\u00c9dition num\u00e9rot\u00e9e \u00e0 10 exemplaires<br \/>\n50 \u00d7 35 cm<br \/>\nSign\u00e9e et num\u00e9rot\u00e9e au crayon par l&#8217;artiste, tampon sec de l&#8217;atelier<\/p>\n<p>Install\u00e9 \u00e0 Marseille depuis 30 ans, Julien Lo\u00efs, artiste, illustrateur et graphiste, dessine des personnages anthropomorphes, mi-animaux mi-humains, \u00e9voluant dans un milieu urbain d\u00e9jant\u00e9 et puissant. Il a \u00e9galement une production artistique plus r\u00e9aliste et expressive faites de portraits d&#8217;anonymes. Tr\u00e8s influenc\u00e9 par la culture hip-hop, \u00e0 la fronti\u00e8re du street art (qu&#8217;il a pratiqu\u00e9 longtemps en peignant et en collant des dessins originaux sur les murs de Marseille et d&#8217;autres villes), il a notamment travaill\u00e9 pour Fluide Glacial, Chinese Man Records ou encore pour de nombreux journaux nationaux comme par exemple T\u00e9l\u00e9rama. Egalement affichiste et peintre en lettre il a r\u00e9alis\u00e9 de nombreux visuels pour le monde de la musique.<\/p>\n<p>En 2011 et 2012 il publie ses deux premiers recueils d&#8217;illustration aux Editions Charrette. Il publiera ensuite sa premi\u00e8re BD &#8220;Pas de panic \u00e0 Sonic City&#8221; aux Editions M\u00eame pas mal, puis &#8220;Rua Viva&#8221; chez AAARG!.<\/p>\n","protected":false},"excerpt":{"rendered":"<p>Lithographie originale sur papier Fabriano 220g \u00c9dition num\u00e9rot\u00e9e \u00e0 10 exemplaires 50 \u00d7 35 cm Sign\u00e9e et num\u00e9rot\u00e9e au crayon par l&#8217;artiste, tampon sec de l&#8217;atelier Install\u00e9 \u00e0 Marseille depuis 30 ans, Julien Lo\u00efs, artiste, illustrateur et graphiste, dessine des personnages anthropomorphes, mi-animaux mi-humains, \u00e9voluant dans un milieu urbain d\u00e9jant\u00e9 et puissant. Il a \u00e9galement [&hellip;]<\/p>\n","protected":false},"featured_media":3751,"template":"","meta":{"_acf_changed":false},"product_brand":[],"product_cat":[225,193,191,213,196,216,311,204,327,198,195,200,197,192],"product_tag":[],"class_list":{"0":"post-3753","1":"product","2":"type-product","3":"status-publish","4":"has-post-thumbnail","6":"product_cat-225","7":"product_cat-annees","8":"product_cat-artistes","9":"product_cat-format","10":"product_cat-france","11":"product_cat-grand","12":"product_cat-julien-lois","13":"product_cat-lithographie","14":"product_cat-non-categorise","15":"product_cat-orientation","16":"product_cat-pays","17":"product_cat-portrait","18":"product_cat-technique","19":"product_cat-un-artiste","21":"first","22":"instock","23":"shipping-taxable","24":"purchasable","25":"product-type-simple"},"acf":[],"_links":{"self":[{"href":"https:\/\/welcome-prints.com\/en\/wp-json\/wp\/v2\/product\/3753","targetHints":{"allow":["GET"]}}],"collection":[{"href":"https:\/\/welcome-prints.com\/en\/wp-json\/wp\/v2\/product"}],"about":[{"href":"https:\/\/welcome-prints.com\/en\/wp-json\/wp\/v2\/types\/product"}],"wp:featuredmedia":[{"embeddable":true,"href":"https:\/\/welcome-prints.com\/en\/wp-json\/wp\/v2\/media\/3751"}],"wp:attachment":[{"href":"https:\/\/welcome-prints.com\/en\/wp-json\/wp\/v2\/media?parent=3753"}],"wp:term":[{"taxonomy":"product_brand","embeddable":true,"href":"https:\/\/welcome-prints.com\/en\/wp-json\/wp\/v2\/product_brand?post=3753"},{"taxonomy":"product_cat","embeddable":true,"href":"https:\/\/welcome-prints.com\/en\/wp-json\/wp\/v2\/product_cat?post=3753"},{"taxonomy":"product_tag","embeddable":true,"href":"https:\/\/welcome-prints.com\/en\/wp-json\/wp\/v2\/product_tag?post=3753"}],"curies":[{"name":"wp","href":"https:\/\/api.w.org\/{rel}","templated":true}]}}