{"id":3750,"date":"2025-03-03T20:24:33","date_gmt":"2025-03-03T20:24:33","guid":{"rendered":"https:\/\/welcome-prints.com\/produit\/nuages\/"},"modified":"2026-04-09T21:09:06","modified_gmt":"2026-04-09T21:09:06","slug":"nuages","status":"publish","type":"product","link":"https:\/\/welcome-prints.com\/en\/produit\/nuages\/","title":{"rendered":"Nuages"},"content":{"rendered":"<p>Lithographie originale sur papier Fabriano 220g<br \/>\n\u00c9dition num\u00e9rot\u00e9e \u00e0 16 exemplaires<br \/>\n35 \u00d7 25 cm<br \/>\nSign\u00e9e et num\u00e9rot\u00e9e au crayon par l&#8217;artiste, tampon sec de l&#8217;atelier<\/p>\n<p>Mika Pusse vit et travaille \u00e0 Saint-Etienne. Artiste prot\u00e9iforme, il est tour \u00e0 tour chanteur, musicien, dessinateur, auteur de bandes dessin\u00e9es, graphiste, tatoueur, illustrateur, cr\u00e9ateur de pochettes de disque ou encore affichiste. Son approche de la cr\u00e9ation est horizontal, le choix du m\u00e9dium venant en aval.<\/p>\n<p>Il est tr\u00e8s influenc\u00e9 par la culture rock et punk, la bande dessin\u00e9e alternative am\u00e9ricaine ou encore la peinture symboliste et romantique. Tout en en \u00e9tant chanteur et musicien, il cr\u00e9a aussi l&#8217;identit\u00e9 visuelle et les pochettes de disque du g\u00e9nial et culte groupe de musique Pusse, et des duos musicaux Schlaasss, Chantal Morte ou encore Pupusse et Patrack. Il a \u00e9galement collabor\u00e9 avec la formation T\u00eates Raides et le label de free jazz Bloc Thyristors pour lequel il a r\u00e9alis\u00e9 de nombreuses pochettes.<\/p>\n<p>Aujourd&#8217;hui, il se consacre \u00e0 ses projets musicaux solo, au tatouage, au dessin, et \u00e0 l&#8217;estampe.<\/p>\n","protected":false},"excerpt":{"rendered":"<p>Lithographie originale sur papier Fabriano 220g \u00c9dition num\u00e9rot\u00e9e \u00e0 16 exemplaires 35 \u00d7 25 cm Sign\u00e9e et num\u00e9rot\u00e9e au crayon par l&#8217;artiste, tampon sec de l&#8217;atelier Mika Pusse vit et travaille \u00e0 Saint-Etienne. Artiste prot\u00e9iforme, il est tour \u00e0 tour chanteur, musicien, dessinateur, auteur de bandes dessin\u00e9es, graphiste, tatoueur, illustrateur, cr\u00e9ateur de pochettes de disque [&hellip;]<\/p>\n","protected":false},"featured_media":3748,"template":"","meta":{"_acf_changed":false},"product_brand":[],"product_cat":[223,193,191,213,196,204,312,215,327,198,195,200,197],"product_tag":[],"class_list":{"0":"post-3750","1":"product","2":"type-product","3":"status-publish","4":"has-post-thumbnail","6":"product_cat-223","7":"product_cat-annees","8":"product_cat-artistes","9":"product_cat-format","10":"product_cat-france","11":"product_cat-lithographie","12":"product_cat-mika-pusse","13":"product_cat-moyen","14":"product_cat-non-categorise","15":"product_cat-orientation","16":"product_cat-pays","17":"product_cat-portrait","18":"product_cat-technique","20":"first","21":"instock","22":"shipping-taxable","23":"purchasable","24":"product-type-simple"},"acf":[],"_links":{"self":[{"href":"https:\/\/welcome-prints.com\/en\/wp-json\/wp\/v2\/product\/3750","targetHints":{"allow":["GET"]}}],"collection":[{"href":"https:\/\/welcome-prints.com\/en\/wp-json\/wp\/v2\/product"}],"about":[{"href":"https:\/\/welcome-prints.com\/en\/wp-json\/wp\/v2\/types\/product"}],"wp:featuredmedia":[{"embeddable":true,"href":"https:\/\/welcome-prints.com\/en\/wp-json\/wp\/v2\/media\/3748"}],"wp:attachment":[{"href":"https:\/\/welcome-prints.com\/en\/wp-json\/wp\/v2\/media?parent=3750"}],"wp:term":[{"taxonomy":"product_brand","embeddable":true,"href":"https:\/\/welcome-prints.com\/en\/wp-json\/wp\/v2\/product_brand?post=3750"},{"taxonomy":"product_cat","embeddable":true,"href":"https:\/\/welcome-prints.com\/en\/wp-json\/wp\/v2\/product_cat?post=3750"},{"taxonomy":"product_tag","embeddable":true,"href":"https:\/\/welcome-prints.com\/en\/wp-json\/wp\/v2\/product_tag?post=3750"}],"curies":[{"name":"wp","href":"https:\/\/api.w.org\/{rel}","templated":true}]}}