{"id":3747,"date":"2025-03-03T18:59:35","date_gmt":"2025-03-03T18:59:35","guid":{"rendered":"https:\/\/welcome-prints.com\/produit\/trames\/"},"modified":"2026-04-09T17:34:47","modified_gmt":"2026-04-09T17:34:47","slug":"trames","status":"publish","type":"product","link":"https:\/\/welcome-prints.com\/en\/produit\/trames\/","title":{"rendered":"Trames"},"content":{"rendered":"<p>Lithographie originale sur papier Fabriano 220g<br \/>\n\u00c9dition num\u00e9rot\u00e9e \u00e0 18 exemplaires<br \/>\n30 \u00d7 30 cm<br \/>\nSign\u00e9e et num\u00e9rot\u00e9e au crayon par l&#8217;artiste, tampon sec de l&#8217;atelier<\/p>\n<p>Renaud Perrin est dessinateur et illustrateur. N\u00e9 dans les Vosges, il est aujourd&#8217;hui install\u00e9 \u00e0 Marseille. Dipl\u00f4m\u00e9 de l&#8217;HEAR de Strasbourg, il a \u00e0 son actif une quarantaine de livres publi\u00e9s.<\/p>\n<p>Touche \u00e0 tout, il est principalement illustrateur mais aussi s\u00e9rigraphe, graveur, sc\u00e9nographe ou encore r\u00e9alisateur de films d&#8217;animation.<\/p>\n<p>Il a notamment collabor\u00e9 sur des projets d&#8217;\u00e9ditions avec Actes Sud Junior ou encore Gallimard, sur des projets de dessin de presse avec Le Monde ou encore Le Nouvel Observateur et sur des projets d&#8217;expositions avec le Salon du livre jeunesse de Montreuil ou encore le Mucem.<\/p>\n","protected":false},"excerpt":{"rendered":"<p>Lithographie originale sur papier Fabriano 220g \u00c9dition num\u00e9rot\u00e9e \u00e0 18 exemplaires 30 \u00d7 30 cm Sign\u00e9e et num\u00e9rot\u00e9e au crayon par l&#8217;artiste, tampon sec de l&#8217;atelier Renaud Perrin est dessinateur et illustrateur. N\u00e9 dans les Vosges, il est aujourd&#8217;hui install\u00e9 \u00e0 Marseille. Dipl\u00f4m\u00e9 de l&#8217;HEAR de Strasbourg, il a \u00e0 son actif une quarantaine de [&hellip;]<\/p>\n","protected":false},"featured_media":3741,"template":"","meta":{"_acf_changed":false},"product_brand":[],"product_cat":[212,193,191,202,213,196,204,215,327,198,195,313,197,192],"product_tag":[],"class_list":{"0":"post-3747","1":"product","2":"type-product","3":"status-publish","4":"has-post-thumbnail","6":"product_cat-212","7":"product_cat-annees","8":"product_cat-artistes","9":"product_cat-carre","10":"product_cat-format","11":"product_cat-france","12":"product_cat-lithographie","13":"product_cat-moyen","14":"product_cat-non-categorise","15":"product_cat-orientation","16":"product_cat-pays","17":"product_cat-renaud-perrin","18":"product_cat-technique","19":"product_cat-un-artiste","21":"first","22":"instock","23":"shipping-taxable","24":"purchasable","25":"product-type-simple"},"acf":[],"_links":{"self":[{"href":"https:\/\/welcome-prints.com\/en\/wp-json\/wp\/v2\/product\/3747","targetHints":{"allow":["GET"]}}],"collection":[{"href":"https:\/\/welcome-prints.com\/en\/wp-json\/wp\/v2\/product"}],"about":[{"href":"https:\/\/welcome-prints.com\/en\/wp-json\/wp\/v2\/types\/product"}],"wp:featuredmedia":[{"embeddable":true,"href":"https:\/\/welcome-prints.com\/en\/wp-json\/wp\/v2\/media\/3741"}],"wp:attachment":[{"href":"https:\/\/welcome-prints.com\/en\/wp-json\/wp\/v2\/media?parent=3747"}],"wp:term":[{"taxonomy":"product_brand","embeddable":true,"href":"https:\/\/welcome-prints.com\/en\/wp-json\/wp\/v2\/product_brand?post=3747"},{"taxonomy":"product_cat","embeddable":true,"href":"https:\/\/welcome-prints.com\/en\/wp-json\/wp\/v2\/product_cat?post=3747"},{"taxonomy":"product_tag","embeddable":true,"href":"https:\/\/welcome-prints.com\/en\/wp-json\/wp\/v2\/product_tag?post=3747"}],"curies":[{"name":"wp","href":"https:\/\/api.w.org\/{rel}","templated":true}]}}