{"id":3740,"date":"2025-03-03T18:47:46","date_gmt":"2025-03-03T18:47:46","guid":{"rendered":"https:\/\/welcome-prints.com\/produit\/sans-titre-14\/"},"modified":"2026-04-09T13:45:46","modified_gmt":"2026-04-09T13:45:46","slug":"sans-titre-14","status":"publish","type":"product","link":"https:\/\/welcome-prints.com\/en\/produit\/sans-titre-14\/","title":{"rendered":"Sans titre"},"content":{"rendered":"<p>Lithographie originale sur papier BFK Rives Arches 250g<br \/>\n\u00c9dition num\u00e9rot\u00e9e \u00e0 30 exemplaires<br \/>\n50 \u00d7 33 cm<br \/>\nSign\u00e9e et num\u00e9rot\u00e9e au crayon par l&#8217;artiste, tampon sec de l&#8217;atelier<\/p>\n<p>Pakito Bolino est s\u00e9rigraphe, coloriste, auteur de BD, musicien. Il est le co-fondateur du Dernier Cri, un collectif d&#8217;artistes hors-norme qui \u00e9volue aux antipodes de la narration et de l&#8217;illustration conventionnelle, en explorant sans m\u00e9nagement le champ de l&#8217;image sauvage. Un univers souvent d\u00e9stabilisant, cru, obsessionnel et instinctif, bas\u00e9 \u00e0 Marseille depuis 1993. Le dernier Cri est un \u00e9diteur ind\u00e9pendant reconnu et a \u00e9t\u00e9 expos\u00e9 dans le monde entier.<\/p>\n","protected":false},"excerpt":{"rendered":"<p>Lithographie originale sur papier BFK Rives Arches 250g \u00c9dition num\u00e9rot\u00e9e \u00e0 30 exemplaires 50 \u00d7 33 cm Sign\u00e9e et num\u00e9rot\u00e9e au crayon par l&#8217;artiste, tampon sec de l&#8217;atelier Pakito Bolino est s\u00e9rigraphe, coloriste, auteur de BD, musicien. Il est le co-fondateur du Dernier Cri, un collectif d&#8217;artistes hors-norme qui \u00e9volue aux antipodes de la narration [&hellip;]<\/p>\n","protected":false},"featured_media":3734,"template":"","meta":{"_acf_changed":false},"product_brand":[],"product_cat":[212,193,191,213,196,216,204,327,198,309,195,200,197],"product_tag":[],"class_list":{"0":"post-3740","1":"product","2":"type-product","3":"status-publish","4":"has-post-thumbnail","6":"product_cat-212","7":"product_cat-annees","8":"product_cat-artistes","9":"product_cat-format","10":"product_cat-france","11":"product_cat-grand","12":"product_cat-lithographie","13":"product_cat-non-categorise","14":"product_cat-orientation","15":"product_cat-pakito-bolino","16":"product_cat-pays","17":"product_cat-portrait","18":"product_cat-technique","20":"first","21":"instock","22":"shipping-taxable","23":"purchasable","24":"product-type-simple"},"acf":[],"_links":{"self":[{"href":"https:\/\/welcome-prints.com\/en\/wp-json\/wp\/v2\/product\/3740","targetHints":{"allow":["GET"]}}],"collection":[{"href":"https:\/\/welcome-prints.com\/en\/wp-json\/wp\/v2\/product"}],"about":[{"href":"https:\/\/welcome-prints.com\/en\/wp-json\/wp\/v2\/types\/product"}],"wp:featuredmedia":[{"embeddable":true,"href":"https:\/\/welcome-prints.com\/en\/wp-json\/wp\/v2\/media\/3734"}],"wp:attachment":[{"href":"https:\/\/welcome-prints.com\/en\/wp-json\/wp\/v2\/media?parent=3740"}],"wp:term":[{"taxonomy":"product_brand","embeddable":true,"href":"https:\/\/welcome-prints.com\/en\/wp-json\/wp\/v2\/product_brand?post=3740"},{"taxonomy":"product_cat","embeddable":true,"href":"https:\/\/welcome-prints.com\/en\/wp-json\/wp\/v2\/product_cat?post=3740"},{"taxonomy":"product_tag","embeddable":true,"href":"https:\/\/welcome-prints.com\/en\/wp-json\/wp\/v2\/product_tag?post=3740"}],"curies":[{"name":"wp","href":"https:\/\/api.w.org\/{rel}","templated":true}]}}