{"id":3714,"date":"2025-02-27T09:46:45","date_gmt":"2025-02-27T09:46:45","guid":{"rendered":"https:\/\/welcome-prints.com\/produit\/nature-morte-1\/"},"modified":"2026-04-17T12:37:50","modified_gmt":"2026-04-17T12:37:50","slug":"nature-morte-1","status":"publish","type":"product","link":"https:\/\/welcome-prints.com\/en\/produit\/nature-morte-1\/","title":{"rendered":"Nature morte #1"},"content":{"rendered":"<p>Objets en apesanteur, jarres en verre brun et bleu et verre \u00e0 liqueur. Forme en tondo. Aquatinte sur cuivre. Papier Hahnem\u00fchle 300g.<br \/>\nLe genre de la nature morte est par d\u00e9finition statique, chaque \u00e9l\u00e9ment \u00e9tant attir\u00e9 par l\u2019attraction terrestre.<br \/>\nUn objet, un cadavre, rien ne bouge, tout est fig\u00e9 avec bien souvent une composition hi\u00e9rarchis\u00e9e, pyramidale comportant une symbolique.<br \/>\nSous l\u2019effet de l\u2019apesanteur tout est en suspend, offrant un nouvel angle de vue, et permettant de tourner autour de l\u2019objet.<br \/>\nCette exp\u00e9rience modifie le rapport entre l\u2019artiste et son sujet, r\u00e9organisant les rapports entre objets et l\u2019espace de repr\u00e9sentation.<br \/>\nLa perception par le public en est perturb\u00e9e et a\u00e9rienne. Les objets repr\u00e9sent\u00e9s ainsi, d\u00e9gagent une sensation de l\u00e9g\u00e8ret\u00e9 malgr\u00e9 leur masse.<\/p>\n","protected":false},"excerpt":{"rendered":"<p>Objets en apesanteur, jarres en verre brun et bleu et verre \u00e0 liqueur. Forme en tondo. Aquatinte sur cuivre. Papier Hahnem\u00fchle 300g. Le genre de la nature morte est par d\u00e9finition statique, chaque \u00e9l\u00e9ment \u00e9tant attir\u00e9 par l\u2019attraction terrestre. Un objet, un cadavre, rien ne bouge, tout est fig\u00e9 avec bien souvent une composition hi\u00e9rarchis\u00e9e, [&hellip;]<\/p>\n","protected":false},"featured_media":3713,"template":"","meta":{"_acf_changed":false},"product_brand":[],"product_cat":[236,193,206,191,202,196,215,288,198,195,197],"product_tag":[],"class_list":{"0":"post-3714","1":"product","2":"type-product","3":"status-publish","4":"has-post-thumbnail","6":"product_cat-236","7":"product_cat-annees","8":"product_cat-aquatinte","9":"product_cat-artistes","10":"product_cat-carre","11":"product_cat-france","12":"product_cat-moyen","13":"product_cat-nathalie-douillard","14":"product_cat-orientation","15":"product_cat-pays","16":"product_cat-technique","18":"first","19":"instock","20":"shipping-taxable","21":"purchasable","22":"product-type-simple"},"acf":[],"_links":{"self":[{"href":"https:\/\/welcome-prints.com\/en\/wp-json\/wp\/v2\/product\/3714","targetHints":{"allow":["GET"]}}],"collection":[{"href":"https:\/\/welcome-prints.com\/en\/wp-json\/wp\/v2\/product"}],"about":[{"href":"https:\/\/welcome-prints.com\/en\/wp-json\/wp\/v2\/types\/product"}],"wp:featuredmedia":[{"embeddable":true,"href":"https:\/\/welcome-prints.com\/en\/wp-json\/wp\/v2\/media\/3713"}],"wp:attachment":[{"href":"https:\/\/welcome-prints.com\/en\/wp-json\/wp\/v2\/media?parent=3714"}],"wp:term":[{"taxonomy":"product_brand","embeddable":true,"href":"https:\/\/welcome-prints.com\/en\/wp-json\/wp\/v2\/product_brand?post=3714"},{"taxonomy":"product_cat","embeddable":true,"href":"https:\/\/welcome-prints.com\/en\/wp-json\/wp\/v2\/product_cat?post=3714"},{"taxonomy":"product_tag","embeddable":true,"href":"https:\/\/welcome-prints.com\/en\/wp-json\/wp\/v2\/product_tag?post=3714"}],"curies":[{"name":"wp","href":"https:\/\/api.w.org\/{rel}","templated":true}]}}