{"id":3690,"date":"2025-02-25T15:34:17","date_gmt":"2025-02-25T15:34:17","guid":{"rendered":"https:\/\/welcome-prints.com\/produit\/la-charcutiere\/"},"modified":"2026-05-06T19:22:27","modified_gmt":"2026-05-06T19:22:27","slug":"la-charcutiere","status":"publish","type":"product","link":"https:\/\/welcome-prints.com\/en\/produit\/la-charcutiere\/","title":{"rendered":"La Charcuti\u00e8re"},"content":{"rendered":"<p>Issu de la s\u00e9rie &#8220;Chroniques de la vie ordinaire&#8221; , s\u00e9rie d&#8217;eaux-fortes \u00e9dit\u00e9es \u00e0 15 exemplaires.<\/p>\n","protected":false},"excerpt":{"rendered":"<p>Issu de la s\u00e9rie &#8220;Chroniques de la vie ordinaire&#8221; , s\u00e9rie d&#8217;eaux-fortes \u00e9dit\u00e9es \u00e0 15 exemplaires.<\/p>\n","protected":false},"featured_media":3725,"template":"","meta":{"_acf_changed":false},"product_brand":[],"product_cat":[278,206,210,213,196,306,215,200,259],"product_tag":[],"class_list":{"0":"post-3690","1":"product","2":"type-product","3":"status-publish","4":"has-post-thumbnail","6":"product_cat-278","7":"product_cat-aquatinte","8":"product_cat-eau-forte","9":"product_cat-format","10":"product_cat-france","11":"product_cat-geraldine-garcon","12":"product_cat-moyen","13":"product_cat-portrait","14":"product_cat-vernis-mou","16":"first","17":"instock","18":"shipping-taxable","19":"purchasable","20":"product-type-simple"},"acf":[],"_links":{"self":[{"href":"https:\/\/welcome-prints.com\/en\/wp-json\/wp\/v2\/product\/3690","targetHints":{"allow":["GET"]}}],"collection":[{"href":"https:\/\/welcome-prints.com\/en\/wp-json\/wp\/v2\/product"}],"about":[{"href":"https:\/\/welcome-prints.com\/en\/wp-json\/wp\/v2\/types\/product"}],"wp:featuredmedia":[{"embeddable":true,"href":"https:\/\/welcome-prints.com\/en\/wp-json\/wp\/v2\/media\/3725"}],"wp:attachment":[{"href":"https:\/\/welcome-prints.com\/en\/wp-json\/wp\/v2\/media?parent=3690"}],"wp:term":[{"taxonomy":"product_brand","embeddable":true,"href":"https:\/\/welcome-prints.com\/en\/wp-json\/wp\/v2\/product_brand?post=3690"},{"taxonomy":"product_cat","embeddable":true,"href":"https:\/\/welcome-prints.com\/en\/wp-json\/wp\/v2\/product_cat?post=3690"},{"taxonomy":"product_tag","embeddable":true,"href":"https:\/\/welcome-prints.com\/en\/wp-json\/wp\/v2\/product_tag?post=3690"}],"curies":[{"name":"wp","href":"https:\/\/api.w.org\/{rel}","templated":true}]}}