{"id":3686,"date":"2025-02-25T15:29:50","date_gmt":"2025-02-25T15:29:50","guid":{"rendered":"https:\/\/welcome-prints.com\/produit\/cafe-con-piernas\/"},"modified":"2026-05-06T19:20:29","modified_gmt":"2026-05-06T19:20:29","slug":"cafe-con-piernas","status":"publish","type":"product","link":"https:\/\/welcome-prints.com\/en\/produit\/cafe-con-piernas\/","title":{"rendered":"Caf\u00e9 con piernas"},"content":{"rendered":"<p>Issu de la s\u00e9rie &#8220;Chroniques de la vie ordinaire&#8221; , s\u00e9rie d&#8217;eaux-fortes \u00e9dit\u00e9es \u00e0 15 exemplaires.<br \/>\nCette estampe est Imprim\u00e9e en deux plaques.<\/p>\n","protected":false},"excerpt":{"rendered":"<p>Issu de la s\u00e9rie &#8220;Chroniques de la vie ordinaire&#8221; , s\u00e9rie d&#8217;eaux-fortes \u00e9dit\u00e9es \u00e0 15 exemplaires. Cette estampe est Imprim\u00e9e en deux plaques.<\/p>\n","protected":false},"featured_media":3727,"template":"","meta":{"_acf_changed":false},"product_brand":[],"product_cat":[278,206,210,213,196,306,215,200],"product_tag":[],"class_list":{"0":"post-3686","1":"product","2":"type-product","3":"status-publish","4":"has-post-thumbnail","6":"product_cat-278","7":"product_cat-aquatinte","8":"product_cat-eau-forte","9":"product_cat-format","10":"product_cat-france","11":"product_cat-geraldine-garcon","12":"product_cat-moyen","13":"product_cat-portrait","15":"first","16":"instock","17":"shipping-taxable","18":"purchasable","19":"product-type-simple"},"acf":[],"_links":{"self":[{"href":"https:\/\/welcome-prints.com\/en\/wp-json\/wp\/v2\/product\/3686","targetHints":{"allow":["GET"]}}],"collection":[{"href":"https:\/\/welcome-prints.com\/en\/wp-json\/wp\/v2\/product"}],"about":[{"href":"https:\/\/welcome-prints.com\/en\/wp-json\/wp\/v2\/types\/product"}],"wp:featuredmedia":[{"embeddable":true,"href":"https:\/\/welcome-prints.com\/en\/wp-json\/wp\/v2\/media\/3727"}],"wp:attachment":[{"href":"https:\/\/welcome-prints.com\/en\/wp-json\/wp\/v2\/media?parent=3686"}],"wp:term":[{"taxonomy":"product_brand","embeddable":true,"href":"https:\/\/welcome-prints.com\/en\/wp-json\/wp\/v2\/product_brand?post=3686"},{"taxonomy":"product_cat","embeddable":true,"href":"https:\/\/welcome-prints.com\/en\/wp-json\/wp\/v2\/product_cat?post=3686"},{"taxonomy":"product_tag","embeddable":true,"href":"https:\/\/welcome-prints.com\/en\/wp-json\/wp\/v2\/product_tag?post=3686"}],"curies":[{"name":"wp","href":"https:\/\/api.w.org\/{rel}","templated":true}]}}